{"id":259,"date":"2020-10-03T10:57:02","date_gmt":"2020-10-03T10:57:02","guid":{"rendered":"http:\/\/www.maluchuwieliny.pl\/?page_id=259"},"modified":"2024-07-25T09:37:41","modified_gmt":"2024-07-25T09:37:41","slug":"organizacja","status":"publish","type":"page","link":"http:\/\/www.maluchuwieliny.pl\/?page_id=259","title":{"rendered":"ORGANIZACJA"},"content":{"rendered":"\t\t<div data-elementor-type=\"wp-page\" data-elementor-id=\"259\" class=\"elementor elementor-259\" data-elementor-settings=\"[]\">\n\t\t\t\t\t\t<div class=\"elementor-inner\">\n\t\t\t\t\t\t\t<div class=\"elementor-section-wrap\">\n\t\t\t\t\t\t\t<section class=\"elementor-section elementor-top-section elementor-element elementor-element-6f26e64 elementor-section-boxed elementor-section-height-default elementor-section-height-default\" data-id=\"6f26e64\" data-element_type=\"section\">\n\t\t\t\t\t\t<div class=\"elementor-container elementor-column-gap-default\">\n\t\t\t\t\t\t\t<div class=\"elementor-row\">\n\t\t\t\t\t<div class=\"elementor-column elementor-col-100 elementor-top-column elementor-element elementor-element-a22c881\" data-id=\"a22c881\" data-element_type=\"column\">\n\t\t\t<div class=\"elementor-column-wrap elementor-element-populated\">\n\t\t\t\t\t\t\t<div class=\"elementor-widget-wrap\">\n\t\t\t\t\t\t<div class=\"elementor-element elementor-element-8fc5488 elementor-widget elementor-widget-heading\" data-id=\"8fc5488\" data-element_type=\"widget\" data-widget_type=\"heading.default\">\n\t\t\t\t<div class=\"elementor-widget-container\">\n\t\t\t<h2 class=\"elementor-heading-title elementor-size-default\">Organizacja<\/h2>\t\t<\/div>\n\t\t\t\t<\/div>\n\t\t\t\t\t\t<\/div>\n\t\t\t\t\t<\/div>\n\t\t<\/div>\n\t\t\t\t\t\t\t\t<\/div>\n\t\t\t\t\t<\/div>\n\t\t<\/section>\n\t\t\t\t<section class=\"elementor-section elementor-top-section elementor-element elementor-element-ff8f4da elementor-section-boxed elementor-section-height-default elementor-section-height-default\" data-id=\"ff8f4da\" data-element_type=\"section\">\n\t\t\t\t\t\t<div class=\"elementor-container elementor-column-gap-default\">\n\t\t\t\t\t\t\t<div class=\"elementor-row\">\n\t\t\t\t\t<div class=\"elementor-column elementor-col-100 elementor-top-column elementor-element elementor-element-8ade01f\" data-id=\"8ade01f\" data-element_type=\"column\">\n\t\t\t<div class=\"elementor-column-wrap elementor-element-populated\">\n\t\t\t\t\t\t\t<div class=\"elementor-widget-wrap\">\n\t\t\t\t\t\t<section class=\"elementor-section elementor-inner-section elementor-element elementor-element-eb21e73 elementor-section-boxed elementor-section-height-default elementor-section-height-default\" data-id=\"eb21e73\" data-element_type=\"section\">\n\t\t\t\t\t\t<div class=\"elementor-container elementor-column-gap-default\">\n\t\t\t\t\t\t\t<div class=\"elementor-row\">\n\t\t\t\t\t<div class=\"elementor-column elementor-col-50 elementor-inner-column elementor-element elementor-element-1dc744f\" data-id=\"1dc744f\" data-element_type=\"column\">\n\t\t\t<div class=\"elementor-column-wrap elementor-element-populated\">\n\t\t\t\t\t\t\t<div class=\"elementor-widget-wrap\">\n\t\t\t\t\t\t<div class=\"elementor-element elementor-element-3b79621 elementor-widget elementor-widget-image\" data-id=\"3b79621\" data-element_type=\"widget\" data-widget_type=\"image.default\">\n\t\t\t\t<div class=\"elementor-widget-container\">\n\t\t\t\t\t<div class=\"elementor-image\">\n\t\t\t\t\t\t\t\t\t\t<img width=\"300\" height=\"206\" src=\"http:\/\/www.maluchuwieliny.pl\/wp-content\/uploads\/2020\/10\/glr-1-872x600-1-300x206.jpg\" class=\"attachment-medium size-medium\" alt=\"\" loading=\"lazy\" srcset=\"http:\/\/www.maluchuwieliny.pl\/wp-content\/uploads\/2020\/10\/glr-1-872x600-1-300x206.jpg 300w, http:\/\/www.maluchuwieliny.pl\/wp-content\/uploads\/2020\/10\/glr-1-872x600-1-768x528.jpg 768w, http:\/\/www.maluchuwieliny.pl\/wp-content\/uploads\/2020\/10\/glr-1-872x600-1.jpg 872w\" sizes=\"(max-width: 300px) 100vw, 300px\" \/>\t\t\t\t\t\t\t\t\t\t\t<\/div>\n\t\t\t\t<\/div>\n\t\t\t\t<\/div>\n\t\t\t\t\t\t<\/div>\n\t\t\t\t\t<\/div>\n\t\t<\/div>\n\t\t\t\t<div class=\"elementor-column elementor-col-50 elementor-inner-column elementor-element elementor-element-795f1f1\" data-id=\"795f1f1\" data-element_type=\"column\">\n\t\t\t<div class=\"elementor-column-wrap elementor-element-populated\">\n\t\t\t\t\t\t\t<div class=\"elementor-widget-wrap\">\n\t\t\t\t\t\t<div class=\"elementor-element elementor-element-4e5bf25 elementor-widget elementor-widget-text-editor\" data-id=\"4e5bf25\" data-element_type=\"widget\" data-widget_type=\"text-editor.default\">\n\t\t\t\t<div class=\"elementor-widget-container\">\n\t\t\t\t\t<div class=\"elementor-text-editor elementor-clearfix\"><p><strong>\u017b\u0142obek czynny jest od godziny 7 do 17 od poniedzia\u0142ku do pi\u0105tku, z<\/strong> <b>wy\u0142\u0105czeniem dni ustawowo wolnych, oraz dni ustalonych przez organ prowadz\u0105cy, podanych do wiadomo\u015bci rodzic\u00f3w na pocz\u0105tku ka\u017cdego roku szkolnego.<\/b><\/p>\n<p><b>W \u017c\u0142obku dysponujemy 40 miejscami. Dzieci dzielimy na dwie grupy- m\u0142odsz\u0105 i starsz\u0105. Ka\u017cda grupa ma do dyspozycji sal\u0119 o powierzchni ponad 70m2 z \u0142azienkami, wszystkie powierzchnie s\u0105 odpowiednio zaaran\u017cowane do potrzeb najm\u0142odszych.<\/b><\/p><\/div>\n\t\t\t\t<\/div>\n\t\t\t\t<\/div>\n\t\t\t\t\t\t<\/div>\n\t\t\t\t\t<\/div>\n\t\t<\/div>\n\t\t\t\t\t\t\t\t<\/div>\n\t\t\t\t\t<\/div>\n\t\t<\/section>\n\t\t\t\t\t\t<\/div>\n\t\t\t\t\t<\/div>\n\t\t<\/div>\n\t\t\t\t\t\t\t\t<\/div>\n\t\t\t\t\t<\/div>\n\t\t<\/section>\n\t\t\t\t\t\t<\/div>\n\t\t\t\t\t\t<\/div>\n\t\t\t\t\t<\/div>\n\t\t","protected":false},"excerpt":{"rendered":"<p>Organizacja \u017b\u0142obek czynny jest od godziny 7 do 17 od poniedzia\u0142ku do pi\u0105tku, z wy\u0142\u0105czeniem dni ustawowo wolnych, oraz dni ustalonych przez organ prowadz\u0105cy, podanych do wiadomo\u015bci rodzic\u00f3w na pocz\u0105tku ka\u017cdego roku szkolnego. W \u017c\u0142obku dysponujemy 40 miejscami. Dzieci dzielimy na dwie grupy- m\u0142odsz\u0105 i starsz\u0105. Ka\u017cda grupa ma do dyspozycji sal\u0119 o powierzchni ponad [&hellip;]<\/p>\n","protected":false},"author":1,"featured_media":0,"parent":95,"menu_order":0,"comment_status":"closed","ping_status":"closed","template":"","meta":[],"_links":{"self":[{"href":"http:\/\/www.maluchuwieliny.pl\/index.php?rest_route=\/wp\/v2\/pages\/259"}],"collection":[{"href":"http:\/\/www.maluchuwieliny.pl\/index.php?rest_route=\/wp\/v2\/pages"}],"about":[{"href":"http:\/\/www.maluchuwieliny.pl\/index.php?rest_route=\/wp\/v2\/types\/page"}],"author":[{"embeddable":true,"href":"http:\/\/www.maluchuwieliny.pl\/index.php?rest_route=\/wp\/v2\/users\/1"}],"replies":[{"embeddable":true,"href":"http:\/\/www.maluchuwieliny.pl\/index.php?rest_route=%2Fwp%2Fv2%2Fcomments&post=259"}],"version-history":[{"count":10,"href":"http:\/\/www.maluchuwieliny.pl\/index.php?rest_route=\/wp\/v2\/pages\/259\/revisions"}],"predecessor-version":[{"id":563,"href":"http:\/\/www.maluchuwieliny.pl\/index.php?rest_route=\/wp\/v2\/pages\/259\/revisions\/563"}],"up":[{"embeddable":true,"href":"http:\/\/www.maluchuwieliny.pl\/index.php?rest_route=\/wp\/v2\/pages\/95"}],"wp:attachment":[{"href":"http:\/\/www.maluchuwieliny.pl\/index.php?rest_route=%2Fwp%2Fv2%2Fmedia&parent=259"}],"curies":[{"name":"wp","href":"https:\/\/api.w.org\/{rel}","templated":true}]}}