{"id":403,"date":"2020-10-05T12:40:07","date_gmt":"2020-10-05T12:40:07","guid":{"rendered":"http:\/\/www.maluchuwieliny.pl\/?page_id=403"},"modified":"2020-10-05T12:54:27","modified_gmt":"2020-10-05T12:54:27","slug":"elementor-403","status":"publish","type":"page","link":"http:\/\/www.maluchuwieliny.pl\/?page_id=403","title":{"rendered":"Zabawy Edukacyjne"},"content":{"rendered":"\t\t<div data-elementor-type=\"wp-page\" data-elementor-id=\"403\" class=\"elementor elementor-403\" data-elementor-settings=\"[]\">\n\t\t\t\t\t\t<div class=\"elementor-inner\">\n\t\t\t\t\t\t\t<div class=\"elementor-section-wrap\">\n\t\t\t\t\t\t\t<section class=\"elementor-section elementor-top-section elementor-element elementor-element-be291da elementor-section-boxed elementor-section-height-default elementor-section-height-default\" data-id=\"be291da\" data-element_type=\"section\">\n\t\t\t\t\t\t<div class=\"elementor-container elementor-column-gap-default\">\n\t\t\t\t\t\t\t<div class=\"elementor-row\">\n\t\t\t\t\t<div class=\"elementor-column elementor-col-100 elementor-top-column elementor-element elementor-element-2315aad\" data-id=\"2315aad\" data-element_type=\"column\">\n\t\t\t<div class=\"elementor-column-wrap elementor-element-populated\">\n\t\t\t\t\t\t\t<div class=\"elementor-widget-wrap\">\n\t\t\t\t\t\t<div class=\"elementor-element elementor-element-1c16850 elementor-widget elementor-widget-heading\" data-id=\"1c16850\" data-element_type=\"widget\" data-widget_type=\"heading.default\">\n\t\t\t\t<div class=\"elementor-widget-container\">\n\t\t\t<h2 class=\"elementor-heading-title elementor-size-default\">Zabawy edukacyjne<\/h2>\t\t<\/div>\n\t\t\t\t<\/div>\n\t\t\t\t\t\t<\/div>\n\t\t\t\t\t<\/div>\n\t\t<\/div>\n\t\t\t\t\t\t\t\t<\/div>\n\t\t\t\t\t<\/div>\n\t\t<\/section>\n\t\t\t\t<section class=\"elementor-section elementor-top-section elementor-element elementor-element-17b06a5 elementor-section-boxed elementor-section-height-default elementor-section-height-default\" data-id=\"17b06a5\" data-element_type=\"section\">\n\t\t\t\t\t\t<div class=\"elementor-container elementor-column-gap-default\">\n\t\t\t\t\t\t\t<div class=\"elementor-row\">\n\t\t\t\t\t<div class=\"elementor-column elementor-col-100 elementor-top-column elementor-element elementor-element-2b88204\" data-id=\"2b88204\" data-element_type=\"column\">\n\t\t\t<div class=\"elementor-column-wrap elementor-element-populated\">\n\t\t\t\t\t\t\t<div class=\"elementor-widget-wrap\">\n\t\t\t\t\t\t<div class=\"elementor-element elementor-element-a253013 elementor-widget elementor-widget-text-editor\" data-id=\"a253013\" data-element_type=\"widget\" data-widget_type=\"text-editor.default\">\n\t\t\t\t<div class=\"elementor-widget-container\">\n\t\t\t\t\t<div class=\"elementor-text-editor elementor-clearfix\"><p><strong>To sta\u0142y element ka\u017cdego dnia. S\u0105 dostosowane do aktualnie realizowanego tematu zaj\u0119\u0107. Podobnie jak w grupach przedszkolnych, obejmuj\u0105 wszystkie sfery rozwoju dziecka:<\/strong><\/p><ul><li><strong>kszta\u0142towanie umiej\u0119tno\u015bci spo\u0142ecznych dzieci: porozumiewanie si\u0119 z doros\u0142ymi i innymi dzie\u0107mi, zgodne funkcjonowanie w zabawie i w sytuacjach zadaniowych;<\/strong><\/li><li><strong>kszta\u0142towanie czynno\u015bci samoobs\u0142ugowych, nawyk\u00f3w higienicznych i kulturowych, przyzwyczajanie dzieci do utrzymywania \u0142adu i porz\u0105dku;<\/strong><\/li><li><strong>wspomaganie rozwoju mowy dzieci;<\/strong><\/li><li><strong>wspieranie dzieci w rozwijaniu czynno\u015bci intelektualnych, niezb\u0119dnych w poznawaniu i rozumieniu siebie i swojego otoczenia;<\/strong><\/li><li><strong>wychowanie zdrowotne i kszta\u0142towanie sprawno\u015bci fizycznej dzieci;<\/strong><\/li><li><strong>wdra\u017canie dzieci do dba\u0142o\u015bci o bezpiecze\u0144stwo w\u0142asne oraz innych.<\/strong><\/li><\/ul><\/div>\n\t\t\t\t<\/div>\n\t\t\t\t<\/div>\n\t\t\t\t\t\t<\/div>\n\t\t\t\t\t<\/div>\n\t\t<\/div>\n\t\t\t\t\t\t\t\t<\/div>\n\t\t\t\t\t<\/div>\n\t\t<\/section>\n\t\t\t\t\t\t<\/div>\n\t\t\t\t\t\t<\/div>\n\t\t\t\t\t<\/div>\n\t\t","protected":false},"excerpt":{"rendered":"<p>Zabawy edukacyjne To sta\u0142y element ka\u017cdego dnia. S\u0105 dostosowane do aktualnie realizowanego tematu zaj\u0119\u0107. Podobnie jak w grupach przedszkolnych, obejmuj\u0105 wszystkie sfery rozwoju dziecka: kszta\u0142towanie umiej\u0119tno\u015bci spo\u0142ecznych dzieci: porozumiewanie si\u0119 z doros\u0142ymi i innymi dzie\u0107mi, zgodne funkcjonowanie w zabawie i w sytuacjach zadaniowych; kszta\u0142towanie czynno\u015bci samoobs\u0142ugowych, nawyk\u00f3w higienicznych i kulturowych, przyzwyczajanie dzieci do utrzymywania \u0142adu [&hellip;]<\/p>\n","protected":false},"author":1,"featured_media":0,"parent":95,"menu_order":0,"comment_status":"closed","ping_status":"closed","template":"","meta":[],"_links":{"self":[{"href":"http:\/\/www.maluchuwieliny.pl\/index.php?rest_route=\/wp\/v2\/pages\/403"}],"collection":[{"href":"http:\/\/www.maluchuwieliny.pl\/index.php?rest_route=\/wp\/v2\/pages"}],"about":[{"href":"http:\/\/www.maluchuwieliny.pl\/index.php?rest_route=\/wp\/v2\/types\/page"}],"author":[{"embeddable":true,"href":"http:\/\/www.maluchuwieliny.pl\/index.php?rest_route=\/wp\/v2\/users\/1"}],"replies":[{"embeddable":true,"href":"http:\/\/www.maluchuwieliny.pl\/index.php?rest_route=%2Fwp%2Fv2%2Fcomments&post=403"}],"version-history":[{"count":6,"href":"http:\/\/www.maluchuwieliny.pl\/index.php?rest_route=\/wp\/v2\/pages\/403\/revisions"}],"predecessor-version":[{"id":411,"href":"http:\/\/www.maluchuwieliny.pl\/index.php?rest_route=\/wp\/v2\/pages\/403\/revisions\/411"}],"up":[{"embeddable":true,"href":"http:\/\/www.maluchuwieliny.pl\/index.php?rest_route=\/wp\/v2\/pages\/95"}],"wp:attachment":[{"href":"http:\/\/www.maluchuwieliny.pl\/index.php?rest_route=%2Fwp%2Fv2%2Fmedia&parent=403"}],"curies":[{"name":"wp","href":"https:\/\/api.w.org\/{rel}","templated":true}]}}