{"id":413,"date":"2020-10-05T12:56:43","date_gmt":"2020-10-05T12:56:43","guid":{"rendered":"http:\/\/www.maluchuwieliny.pl\/?page_id=413"},"modified":"2020-10-05T14:37:29","modified_gmt":"2020-10-05T14:37:29","slug":"zabawy-rytmiczno-muzyczne","status":"publish","type":"page","link":"http:\/\/www.maluchuwieliny.pl\/?page_id=413","title":{"rendered":"Zabawy rytmiczno-muzyczne"},"content":{"rendered":"\t\t<div data-elementor-type=\"wp-page\" data-elementor-id=\"413\" class=\"elementor elementor-413\" data-elementor-settings=\"[]\">\n\t\t\t\t\t\t<div class=\"elementor-inner\">\n\t\t\t\t\t\t\t<div class=\"elementor-section-wrap\">\n\t\t\t\t\t\t\t<section class=\"elementor-section elementor-top-section elementor-element elementor-element-5a71716 elementor-section-boxed elementor-section-height-default elementor-section-height-default\" data-id=\"5a71716\" data-element_type=\"section\">\n\t\t\t\t\t\t<div class=\"elementor-container elementor-column-gap-default\">\n\t\t\t\t\t\t\t<div class=\"elementor-row\">\n\t\t\t\t\t<div class=\"elementor-column elementor-col-100 elementor-top-column elementor-element elementor-element-696cb49\" data-id=\"696cb49\" data-element_type=\"column\">\n\t\t\t<div class=\"elementor-column-wrap elementor-element-populated\">\n\t\t\t\t\t\t\t<div class=\"elementor-widget-wrap\">\n\t\t\t\t\t\t<div class=\"elementor-element elementor-element-a290252 elementor-widget elementor-widget-heading\" data-id=\"a290252\" data-element_type=\"widget\" data-widget_type=\"heading.default\">\n\t\t\t\t<div class=\"elementor-widget-container\">\n\t\t\t<h2 class=\"elementor-heading-title elementor-size-default\">Zabawy rytmiczno-muzyczne<\/h2>\t\t<\/div>\n\t\t\t\t<\/div>\n\t\t\t\t\t\t<\/div>\n\t\t\t\t\t<\/div>\n\t\t<\/div>\n\t\t\t\t\t\t\t\t<\/div>\n\t\t\t\t\t<\/div>\n\t\t<\/section>\n\t\t\t\t<section class=\"elementor-section elementor-top-section elementor-element elementor-element-b7b2b4f elementor-section-boxed elementor-section-height-default elementor-section-height-default\" data-id=\"b7b2b4f\" data-element_type=\"section\">\n\t\t\t\t\t\t<div class=\"elementor-container elementor-column-gap-default\">\n\t\t\t\t\t\t\t<div class=\"elementor-row\">\n\t\t\t\t\t<div class=\"elementor-column elementor-col-100 elementor-top-column elementor-element elementor-element-e5f12de\" data-id=\"e5f12de\" data-element_type=\"column\">\n\t\t\t<div class=\"elementor-column-wrap elementor-element-populated\">\n\t\t\t\t\t\t\t<div class=\"elementor-widget-wrap\">\n\t\t\t\t\t\t<div class=\"elementor-element elementor-element-b0e9a3c elementor-widget elementor-widget-text-editor\" data-id=\"b0e9a3c\" data-element_type=\"widget\" data-widget_type=\"text-editor.default\">\n\t\t\t\t<div class=\"elementor-widget-container\">\n\t\t\t\t\t<div class=\"elementor-text-editor elementor-clearfix\"><p><span style=\"font-weight: bolder; font-family: &quot;Indie Flower&quot;;\">Wprowadzaj\u0105 dzieci w \u015bwiat muzyki, pokazuj\u0105 jak mo\u017cna si\u0119 \u015bwietnie bawi\u0107 z u\u017cyciem typowych i niekonwencjonalnych instrument\u00f3w i przybor\u00f3w. Weso\u0142e i nowatorskie zabawy przy muzyce zaspokajaj\u0105 potrzeb\u0119 ruchu, dobre samopoczucie dzieci i rado\u015b\u0107 ze wsp\u00f3lnych zabaw.<\/span><br><\/p><\/div>\n\t\t\t\t<\/div>\n\t\t\t\t<\/div>\n\t\t\t\t\t\t<\/div>\n\t\t\t\t\t<\/div>\n\t\t<\/div>\n\t\t\t\t\t\t\t\t<\/div>\n\t\t\t\t\t<\/div>\n\t\t<\/section>\n\t\t\t\t\t\t<\/div>\n\t\t\t\t\t\t<\/div>\n\t\t\t\t\t<\/div>\n\t\t","protected":false},"excerpt":{"rendered":"<p>Zabawy rytmiczno-muzyczne Wprowadzaj\u0105 dzieci w \u015bwiat muzyki, pokazuj\u0105 jak mo\u017cna si\u0119 \u015bwietnie bawi\u0107 z u\u017cyciem typowych i niekonwencjonalnych instrument\u00f3w i przybor\u00f3w. Weso\u0142e i nowatorskie zabawy przy muzyce zaspokajaj\u0105 potrzeb\u0119 ruchu, dobre samopoczucie dzieci i rado\u015b\u0107 ze wsp\u00f3lnych zabaw.<\/p>\n","protected":false},"author":1,"featured_media":0,"parent":95,"menu_order":0,"comment_status":"closed","ping_status":"closed","template":"","meta":[],"_links":{"self":[{"href":"http:\/\/www.maluchuwieliny.pl\/index.php?rest_route=\/wp\/v2\/pages\/413"}],"collection":[{"href":"http:\/\/www.maluchuwieliny.pl\/index.php?rest_route=\/wp\/v2\/pages"}],"about":[{"href":"http:\/\/www.maluchuwieliny.pl\/index.php?rest_route=\/wp\/v2\/types\/page"}],"author":[{"embeddable":true,"href":"http:\/\/www.maluchuwieliny.pl\/index.php?rest_route=\/wp\/v2\/users\/1"}],"replies":[{"embeddable":true,"href":"http:\/\/www.maluchuwieliny.pl\/index.php?rest_route=%2Fwp%2Fv2%2Fcomments&post=413"}],"version-history":[{"count":3,"href":"http:\/\/www.maluchuwieliny.pl\/index.php?rest_route=\/wp\/v2\/pages\/413\/revisions"}],"predecessor-version":[{"id":454,"href":"http:\/\/www.maluchuwieliny.pl\/index.php?rest_route=\/wp\/v2\/pages\/413\/revisions\/454"}],"up":[{"embeddable":true,"href":"http:\/\/www.maluchuwieliny.pl\/index.php?rest_route=\/wp\/v2\/pages\/95"}],"wp:attachment":[{"href":"http:\/\/www.maluchuwieliny.pl\/index.php?rest_route=%2Fwp%2Fv2%2Fmedia&parent=413"}],"curies":[{"name":"wp","href":"https:\/\/api.w.org\/{rel}","templated":true}]}}