{"id":420,"date":"2020-10-05T13:00:33","date_gmt":"2020-10-05T13:00:33","guid":{"rendered":"http:\/\/www.maluchuwieliny.pl\/?page_id=420"},"modified":"2020-10-05T14:39:41","modified_gmt":"2020-10-05T14:39:41","slug":"zabawy-rozwijajace-mowe","status":"publish","type":"page","link":"http:\/\/www.maluchuwieliny.pl\/?page_id=420","title":{"rendered":"Zabawy rozwijaj\u0105ce mow\u0119"},"content":{"rendered":"\t\t<div data-elementor-type=\"wp-page\" data-elementor-id=\"420\" class=\"elementor elementor-420\" data-elementor-settings=\"[]\">\n\t\t\t\t\t\t<div class=\"elementor-inner\">\n\t\t\t\t\t\t\t<div class=\"elementor-section-wrap\">\n\t\t\t\t\t\t\t<section class=\"elementor-section elementor-top-section elementor-element elementor-element-1d42f58 elementor-section-boxed elementor-section-height-default elementor-section-height-default\" data-id=\"1d42f58\" data-element_type=\"section\">\n\t\t\t\t\t\t<div class=\"elementor-container elementor-column-gap-default\">\n\t\t\t\t\t\t\t<div class=\"elementor-row\">\n\t\t\t\t\t<div class=\"elementor-column elementor-col-100 elementor-top-column elementor-element elementor-element-4dca9c8\" data-id=\"4dca9c8\" data-element_type=\"column\">\n\t\t\t<div class=\"elementor-column-wrap elementor-element-populated\">\n\t\t\t\t\t\t\t<div class=\"elementor-widget-wrap\">\n\t\t\t\t\t\t<div class=\"elementor-element elementor-element-03b524a elementor-widget elementor-widget-heading\" data-id=\"03b524a\" data-element_type=\"widget\" data-widget_type=\"heading.default\">\n\t\t\t\t<div class=\"elementor-widget-container\">\n\t\t\t<h2 class=\"elementor-heading-title elementor-size-default\">Zabawy rozwijaj\u0105ce mow\u0119<\/h2>\t\t<\/div>\n\t\t\t\t<\/div>\n\t\t\t\t\t\t<\/div>\n\t\t\t\t\t<\/div>\n\t\t<\/div>\n\t\t\t\t\t\t\t\t<\/div>\n\t\t\t\t\t<\/div>\n\t\t<\/section>\n\t\t\t\t<section class=\"elementor-section elementor-top-section elementor-element elementor-element-75eb3d9 elementor-section-boxed elementor-section-height-default elementor-section-height-default\" data-id=\"75eb3d9\" data-element_type=\"section\">\n\t\t\t\t\t\t<div class=\"elementor-container elementor-column-gap-default\">\n\t\t\t\t\t\t\t<div class=\"elementor-row\">\n\t\t\t\t\t<div class=\"elementor-column elementor-col-100 elementor-top-column elementor-element elementor-element-3955a64\" data-id=\"3955a64\" data-element_type=\"column\">\n\t\t\t<div class=\"elementor-column-wrap elementor-element-populated\">\n\t\t\t\t\t\t\t<div class=\"elementor-widget-wrap\">\n\t\t\t\t\t\t<div class=\"elementor-element elementor-element-0e0c148 elementor-widget elementor-widget-text-editor\" data-id=\"0e0c148\" data-element_type=\"widget\" data-widget_type=\"text-editor.default\">\n\t\t\t\t<div class=\"elementor-widget-container\">\n\t\t\t\t\t<div class=\"elementor-text-editor elementor-clearfix\"><p><span style=\"font-weight: bolder; font-family: 'Indie Flower';\">Prowadzone s\u0105 z ca\u0142\u0105 grup\u0105. Podczas zaj\u0119\u0107 dzieci wykonuj\u0105 \u0107wiczenia oddechowe i artykulacyjne. Zaj\u0119cia prowadzone s\u0105 w formie zabawy (dzieci na\u015bladuj\u0105 d\u017awi\u0119ki zwierz\u0105t, gimnastykuj\u0105 swoj\u0105 buzi\u0119 i j\u0119zyk), uk\u0142adaj\u0105 proste puzzle, graj\u0105 w dostosowane do ich wieku i mo\u017cliwo\u015bci gry logopedyczne.<\/span><\/p><\/div>\n\t\t\t\t<\/div>\n\t\t\t\t<\/div>\n\t\t\t\t\t\t<\/div>\n\t\t\t\t\t<\/div>\n\t\t<\/div>\n\t\t\t\t\t\t\t\t<\/div>\n\t\t\t\t\t<\/div>\n\t\t<\/section>\n\t\t\t\t\t\t<\/div>\n\t\t\t\t\t\t<\/div>\n\t\t\t\t\t<\/div>\n\t\t","protected":false},"excerpt":{"rendered":"<p>Zabawy rozwijaj\u0105ce mow\u0119 Prowadzone s\u0105 z ca\u0142\u0105 grup\u0105. Podczas zaj\u0119\u0107 dzieci wykonuj\u0105 \u0107wiczenia oddechowe i artykulacyjne. Zaj\u0119cia prowadzone s\u0105 w formie zabawy (dzieci na\u015bladuj\u0105 d\u017awi\u0119ki zwierz\u0105t, gimnastykuj\u0105 swoj\u0105 buzi\u0119 i j\u0119zyk), uk\u0142adaj\u0105 proste puzzle, graj\u0105 w dostosowane do ich wieku i mo\u017cliwo\u015bci gry logopedyczne.<\/p>\n","protected":false},"author":1,"featured_media":0,"parent":95,"menu_order":0,"comment_status":"closed","ping_status":"closed","template":"","meta":[],"_links":{"self":[{"href":"http:\/\/www.maluchuwieliny.pl\/index.php?rest_route=\/wp\/v2\/pages\/420"}],"collection":[{"href":"http:\/\/www.maluchuwieliny.pl\/index.php?rest_route=\/wp\/v2\/pages"}],"about":[{"href":"http:\/\/www.maluchuwieliny.pl\/index.php?rest_route=\/wp\/v2\/types\/page"}],"author":[{"embeddable":true,"href":"http:\/\/www.maluchuwieliny.pl\/index.php?rest_route=\/wp\/v2\/users\/1"}],"replies":[{"embeddable":true,"href":"http:\/\/www.maluchuwieliny.pl\/index.php?rest_route=%2Fwp%2Fv2%2Fcomments&post=420"}],"version-history":[{"count":4,"href":"http:\/\/www.maluchuwieliny.pl\/index.php?rest_route=\/wp\/v2\/pages\/420\/revisions"}],"predecessor-version":[{"id":458,"href":"http:\/\/www.maluchuwieliny.pl\/index.php?rest_route=\/wp\/v2\/pages\/420\/revisions\/458"}],"up":[{"embeddable":true,"href":"http:\/\/www.maluchuwieliny.pl\/index.php?rest_route=\/wp\/v2\/pages\/95"}],"wp:attachment":[{"href":"http:\/\/www.maluchuwieliny.pl\/index.php?rest_route=%2Fwp%2Fv2%2Fmedia&parent=420"}],"curies":[{"name":"wp","href":"https:\/\/api.w.org\/{rel}","templated":true}]}}