{"id":425,"date":"2020-10-05T13:01:42","date_gmt":"2020-10-05T13:01:42","guid":{"rendered":"http:\/\/www.maluchuwieliny.pl\/?page_id=425"},"modified":"2020-10-05T14:39:47","modified_gmt":"2020-10-05T14:39:47","slug":"zabawy-tematyczne","status":"publish","type":"page","link":"http:\/\/www.maluchuwieliny.pl\/?page_id=425","title":{"rendered":"Zabawy tematyczne"},"content":{"rendered":"\t\t<div data-elementor-type=\"wp-page\" data-elementor-id=\"425\" class=\"elementor elementor-425\" data-elementor-settings=\"[]\">\n\t\t\t\t\t\t<div class=\"elementor-inner\">\n\t\t\t\t\t\t\t<div class=\"elementor-section-wrap\">\n\t\t\t\t\t\t\t<section class=\"elementor-section elementor-top-section elementor-element elementor-element-49ed92b elementor-section-boxed elementor-section-height-default elementor-section-height-default\" data-id=\"49ed92b\" data-element_type=\"section\">\n\t\t\t\t\t\t<div class=\"elementor-container elementor-column-gap-default\">\n\t\t\t\t\t\t\t<div class=\"elementor-row\">\n\t\t\t\t\t<div class=\"elementor-column elementor-col-100 elementor-top-column elementor-element elementor-element-01120fa\" data-id=\"01120fa\" data-element_type=\"column\">\n\t\t\t<div class=\"elementor-column-wrap elementor-element-populated\">\n\t\t\t\t\t\t\t<div class=\"elementor-widget-wrap\">\n\t\t\t\t\t\t<div class=\"elementor-element elementor-element-61c2165 elementor-widget elementor-widget-heading\" data-id=\"61c2165\" data-element_type=\"widget\" data-widget_type=\"heading.default\">\n\t\t\t\t<div class=\"elementor-widget-container\">\n\t\t\t<h2 class=\"elementor-heading-title elementor-size-default\">Zabawy tematyczne<\/h2>\t\t<\/div>\n\t\t\t\t<\/div>\n\t\t\t\t\t\t<\/div>\n\t\t\t\t\t<\/div>\n\t\t<\/div>\n\t\t\t\t\t\t\t\t<\/div>\n\t\t\t\t\t<\/div>\n\t\t<\/section>\n\t\t\t\t<section class=\"elementor-section elementor-top-section elementor-element elementor-element-5fcc1c7 elementor-section-boxed elementor-section-height-default elementor-section-height-default\" data-id=\"5fcc1c7\" data-element_type=\"section\">\n\t\t\t\t\t\t<div class=\"elementor-container elementor-column-gap-default\">\n\t\t\t\t\t\t\t<div class=\"elementor-row\">\n\t\t\t\t\t<div class=\"elementor-column elementor-col-100 elementor-top-column elementor-element elementor-element-9390435\" data-id=\"9390435\" data-element_type=\"column\">\n\t\t\t<div class=\"elementor-column-wrap elementor-element-populated\">\n\t\t\t\t\t\t\t<div class=\"elementor-widget-wrap\">\n\t\t\t\t\t\t<div class=\"elementor-element elementor-element-5a5a192 elementor-widget elementor-widget-text-editor\" data-id=\"5a5a192\" data-element_type=\"widget\" data-widget_type=\"text-editor.default\">\n\t\t\t\t<div class=\"elementor-widget-container\">\n\t\t\t\t\t<div class=\"elementor-text-editor elementor-clearfix\"><p><span style=\"font-family: 'Indie Flower'; font-weight: bold; color: inherit; font-size: var( --e-global-typography-text-font-size ); letter-spacing: 0px;\">S\u0105\u00a0<\/span><span style=\"font-weight: bolder; font-family: 'Indie Flower'; color: inherit; font-size: var( --e-global-typography-text-font-size ); letter-spacing: 0px;\">najbli\u017cszym ma\u0142ym dzieciom rodzajem aktywno\u015bci. Ka\u017cde ma\u0142e dziecko uczy si\u0119 poprzez obserwowanie i na\u015bladownictwo, dzi\u0119ki kt\u00f3rym rozwija swoje umiej\u0119tno\u015bci sensoryczno-motoryczne, j\u0119zykowe, spo\u0142eczne i poznawcze.<\/span><\/p><p style=\"font-family: 'Indie Flower';\"><span style=\"font-weight: bolder;\">Proponuj\u0105c dzieciom zabawy z kr\u0119gu jego najbli\u017cszych zainteresowa\u0144 (np. \u201ew sklep\u201d) mo\u017cemy w naturalny spos\u00f3b rozwija\u0107 wszystkie aktywno\u015bci:<\/span><\/p><ul style=\"font-family: 'Indie Flower';\"><li><span style=\"font-weight: bolder;\">j\u0119zykowe (powtarzanie nazw produkt\u00f3w)<\/span><\/li><li><span style=\"font-weight: bolder;\">emocjonalno-spo\u0142eczne (wyra\u017canie swojej woli, nawi\u0105zywanie kontaktu, u\u017cywanie zwrot\u00f3w grzeczno\u015bciowych)<\/span><\/li><li><span style=\"font-weight: bolder;\">manualne (manipulowanie przedmiotami, wk\u0142adanie do koszyka, wyjmowanie)<\/span><\/li><li><span style=\"font-weight: bolder;\">ruchowe (schylanie, kucanie, wspinanie si\u0119 na palce)<\/span><\/li><li><span style=\"font-weight: bolder;\">matematyczne (dok\u0142adanie, odk\u0142adanie, por\u00f3wnywanie\u2026)<\/span><\/li><\/ul><\/div>\n\t\t\t\t<\/div>\n\t\t\t\t<\/div>\n\t\t\t\t\t\t<\/div>\n\t\t\t\t\t<\/div>\n\t\t<\/div>\n\t\t\t\t\t\t\t\t<\/div>\n\t\t\t\t\t<\/div>\n\t\t<\/section>\n\t\t\t\t\t\t<\/div>\n\t\t\t\t\t\t<\/div>\n\t\t\t\t\t<\/div>\n\t\t","protected":false},"excerpt":{"rendered":"<p>Zabawy tematyczne S\u0105&nbsp;najbli\u017cszym ma\u0142ym dzieciom rodzajem aktywno\u015bci. Ka\u017cde ma\u0142e dziecko uczy si\u0119 poprzez obserwowanie i na\u015bladownictwo, dzi\u0119ki kt\u00f3rym rozwija swoje umiej\u0119tno\u015bci sensoryczno-motoryczne, j\u0119zykowe, spo\u0142eczne i poznawcze. Proponuj\u0105c dzieciom zabawy z kr\u0119gu jego najbli\u017cszych zainteresowa\u0144 (np. \u201ew sklep\u201d) mo\u017cemy w naturalny spos\u00f3b rozwija\u0107 wszystkie aktywno\u015bci: j\u0119zykowe (powtarzanie nazw produkt\u00f3w) emocjonalno-spo\u0142eczne (wyra\u017canie swojej woli, nawi\u0105zywanie kontaktu, u\u017cywanie [&hellip;]<\/p>\n","protected":false},"author":1,"featured_media":0,"parent":95,"menu_order":0,"comment_status":"closed","ping_status":"closed","template":"","meta":[],"_links":{"self":[{"href":"http:\/\/www.maluchuwieliny.pl\/index.php?rest_route=\/wp\/v2\/pages\/425"}],"collection":[{"href":"http:\/\/www.maluchuwieliny.pl\/index.php?rest_route=\/wp\/v2\/pages"}],"about":[{"href":"http:\/\/www.maluchuwieliny.pl\/index.php?rest_route=\/wp\/v2\/types\/page"}],"author":[{"embeddable":true,"href":"http:\/\/www.maluchuwieliny.pl\/index.php?rest_route=\/wp\/v2\/users\/1"}],"replies":[{"embeddable":true,"href":"http:\/\/www.maluchuwieliny.pl\/index.php?rest_route=%2Fwp%2Fv2%2Fcomments&post=425"}],"version-history":[{"count":4,"href":"http:\/\/www.maluchuwieliny.pl\/index.php?rest_route=\/wp\/v2\/pages\/425\/revisions"}],"predecessor-version":[{"id":459,"href":"http:\/\/www.maluchuwieliny.pl\/index.php?rest_route=\/wp\/v2\/pages\/425\/revisions\/459"}],"up":[{"embeddable":true,"href":"http:\/\/www.maluchuwieliny.pl\/index.php?rest_route=\/wp\/v2\/pages\/95"}],"wp:attachment":[{"href":"http:\/\/www.maluchuwieliny.pl\/index.php?rest_route=%2Fwp%2Fv2%2Fmedia&parent=425"}],"curies":[{"name":"wp","href":"https:\/\/api.w.org\/{rel}","templated":true}]}}