{"id":430,"date":"2020-10-05T13:10:13","date_gmt":"2020-10-05T13:10:13","guid":{"rendered":"http:\/\/www.maluchuwieliny.pl\/?page_id=430"},"modified":"2020-10-05T16:19:06","modified_gmt":"2020-10-05T16:19:06","slug":"zabawy-wielosensoryczne","status":"publish","type":"page","link":"http:\/\/www.maluchuwieliny.pl\/?page_id=430","title":{"rendered":"Zabawy wielosensoryczne"},"content":{"rendered":"\t\t<div data-elementor-type=\"wp-page\" data-elementor-id=\"430\" class=\"elementor elementor-430\" data-elementor-settings=\"[]\">\n\t\t\t\t\t\t<div class=\"elementor-inner\">\n\t\t\t\t\t\t\t<div class=\"elementor-section-wrap\">\n\t\t\t\t\t\t\t<section class=\"elementor-section elementor-top-section elementor-element elementor-element-6991bcb elementor-section-boxed elementor-section-height-default elementor-section-height-default\" data-id=\"6991bcb\" data-element_type=\"section\">\n\t\t\t\t\t\t<div class=\"elementor-container elementor-column-gap-default\">\n\t\t\t\t\t\t\t<div class=\"elementor-row\">\n\t\t\t\t\t<div class=\"elementor-column elementor-col-100 elementor-top-column elementor-element elementor-element-0a8d4cf\" data-id=\"0a8d4cf\" data-element_type=\"column\">\n\t\t\t<div class=\"elementor-column-wrap elementor-element-populated\">\n\t\t\t\t\t\t\t<div class=\"elementor-widget-wrap\">\n\t\t\t\t\t\t<div class=\"elementor-element elementor-element-6516460 elementor-widget elementor-widget-heading\" data-id=\"6516460\" data-element_type=\"widget\" data-widget_type=\"heading.default\">\n\t\t\t\t<div class=\"elementor-widget-container\">\n\t\t\t<h2 class=\"elementor-heading-title elementor-size-default\">Zabawy wielosensoryczne<\/h2>\t\t<\/div>\n\t\t\t\t<\/div>\n\t\t\t\t\t\t<\/div>\n\t\t\t\t\t<\/div>\n\t\t<\/div>\n\t\t\t\t\t\t\t\t<\/div>\n\t\t\t\t\t<\/div>\n\t\t<\/section>\n\t\t\t\t<section class=\"elementor-section elementor-top-section elementor-element elementor-element-1f2304f elementor-section-boxed elementor-section-height-default elementor-section-height-default\" data-id=\"1f2304f\" data-element_type=\"section\">\n\t\t\t\t\t\t<div class=\"elementor-container elementor-column-gap-default\">\n\t\t\t\t\t\t\t<div class=\"elementor-row\">\n\t\t\t\t\t<div class=\"elementor-column elementor-col-100 elementor-top-column elementor-element elementor-element-aa727b0\" data-id=\"aa727b0\" data-element_type=\"column\">\n\t\t\t<div class=\"elementor-column-wrap elementor-element-populated\">\n\t\t\t\t\t\t\t<div class=\"elementor-widget-wrap\">\n\t\t\t\t\t\t<div class=\"elementor-element elementor-element-17eb894 elementor-widget elementor-widget-text-editor\" data-id=\"17eb894\" data-element_type=\"widget\" data-widget_type=\"text-editor.default\">\n\t\t\t\t<div class=\"elementor-widget-container\">\n\t\t\t\t\t<div class=\"elementor-text-editor elementor-clearfix\"><p style=\"font-family: 'Indie Flower';\"><span style=\"font-weight: bolder;\">Zabawy skoncentrowane na pobudzaniu r\u00f3\u017cnorodnych wra\u017ce\u0144 zmys\u0142owych. G\u0142\u00f3wnym celem jest do\u015bwiadczanie bod\u017ac\u00f3w dotykowych, \u015bwietlnych, s\u0142uchowych, a nawet smakowych., tak by pozwoli\u0107 dzieciom \u0107wiczy\u0107 i uwra\u017cliwia\u0107 swoje o\u015brodki czuciowe.<\/span><\/p><p style=\"font-family: 'Indie Flower';\"><span style=\"font-weight: bolder;\">Zgodnie z filozofi\u0105 J. Amosa Kome\u0144skiego:<\/span><\/p><p style=\"font-family: 'Indie Flower';\"><span style=\"font-weight: bolder;\">\u201e \u2026 pocz\u0105tek wiedzy zawsze znajduje si\u0119 w naszych zmys\u0142ach, gdy\u017c w naszym umy\u015ble nie znajduje si\u0119 nic, czego wcze\u015bniej nie by\u0142oby w jednym ze zmys\u0142\u00f3w.\u201d (Wall 1986:36)<\/span><\/p><p style=\"font-family: 'Indie Flower';\"><span style=\"font-weight: bolder;\">Wiedza powstaje w wyniku i przy wsp\u00f3\u0142pracy z poznaniem i wnioskami opartymi na zmys\u0142owych przes\u0142ankach. Stanowi\u0105 one warunek rozumienia i rozwoju dziecka. Pocz\u0105tkowo dzieci do\u015bwiadczaj\u0105 swojego otoczenia\u00a0 tylko dzi\u0119ki swoim zmys\u0142om. Oddychaj\u0105, czuj\u0105, poruszaj\u0105 si\u0119, w\u0105chaj\u0105, smakuj\u0105, patrz\u0105 i s\u0142uchaj\u0105. Zmys\u0142y dostarczaj\u0105 informacji o otoczeniu, buduj\u0105c podstawow\u0105 wiedz\u0119 dzieci, kt\u00f3ra zapewnia im bezpiecze\u0144stwo i umo\u017cliwia kszta\u0142towanie w\u0142asnego \u017cycia.<\/span><\/p><p style=\"font-family: 'Indie Flower';\"><span style=\"font-weight: bolder;\">Celem prowadzonych zabaw i \u0107wicze\u0144 stymuluj\u0105cych zmys\u0142y jest m.in.:<\/span><\/p><ul style=\"font-family: 'Indie Flower';\"><li><span style=\"font-weight: bolder;\">budzenie ciekawo\u015bci, rado\u015bci eksperymentowania,<\/span><\/li><li><span style=\"font-weight: bolder;\">rozwijanie zdolno\u015bci postrzegania,<\/span><\/li><li><span style=\"font-weight: bolder;\">poprawa precyzyjno\u015bci ruchowej,<\/span><\/li><li><span style=\"font-weight: bolder;\">poprawa orientacji w schemacie w\u0142asnego cia\u0142a,<\/span><\/li><li><span style=\"font-weight: bolder;\">rozwijanie wra\u017cliwo\u015bci dotykowej,<\/span><\/li><li><span style=\"font-weight: bolder;\">usprawnianie koncentracji na bod\u017acach s\u0142uchowych,<\/span><\/li><li><span style=\"font-weight: bolder;\">reagowanie na r\u00f3\u017cne sygna\u0142y d\u017awi\u0119kowe,<\/span><\/li><li><span style=\"font-weight: bolder;\">zmniejszenie l\u0119ku przed d\u017awi\u0119kami nieznanymi rozwijanie percepcji smakowej i smak\u00f3w,<\/span><\/li><li><span style=\"font-weight: bolder;\">gromadzenie do\u015bwiadcze\u0144 w\u0119chowych.<\/span><\/li><\/ul><\/div>\n\t\t\t\t<\/div>\n\t\t\t\t<\/div>\n\t\t\t\t\t\t<\/div>\n\t\t\t\t\t<\/div>\n\t\t<\/div>\n\t\t\t\t\t\t\t\t<\/div>\n\t\t\t\t\t<\/div>\n\t\t<\/section>\n\t\t\t\t\t\t<\/div>\n\t\t\t\t\t\t<\/div>\n\t\t\t\t\t<\/div>\n\t\t","protected":false},"excerpt":{"rendered":"<p>Zabawy wielosensoryczne Zabawy skoncentrowane na pobudzaniu r\u00f3\u017cnorodnych wra\u017ce\u0144 zmys\u0142owych. G\u0142\u00f3wnym celem jest do\u015bwiadczanie bod\u017ac\u00f3w dotykowych, \u015bwietlnych, s\u0142uchowych, a nawet smakowych., tak by pozwoli\u0107 dzieciom \u0107wiczy\u0107 i uwra\u017cliwia\u0107 swoje o\u015brodki czuciowe. Zgodnie z filozofi\u0105 J. Amosa Kome\u0144skiego: \u201e \u2026 pocz\u0105tek wiedzy zawsze znajduje si\u0119 w naszych zmys\u0142ach, gdy\u017c w naszym umy\u015ble nie znajduje si\u0119 nic, czego [&hellip;]<\/p>\n","protected":false},"author":1,"featured_media":0,"parent":95,"menu_order":0,"comment_status":"closed","ping_status":"closed","template":"","meta":[],"_links":{"self":[{"href":"http:\/\/www.maluchuwieliny.pl\/index.php?rest_route=\/wp\/v2\/pages\/430"}],"collection":[{"href":"http:\/\/www.maluchuwieliny.pl\/index.php?rest_route=\/wp\/v2\/pages"}],"about":[{"href":"http:\/\/www.maluchuwieliny.pl\/index.php?rest_route=\/wp\/v2\/types\/page"}],"author":[{"embeddable":true,"href":"http:\/\/www.maluchuwieliny.pl\/index.php?rest_route=\/wp\/v2\/users\/1"}],"replies":[{"embeddable":true,"href":"http:\/\/www.maluchuwieliny.pl\/index.php?rest_route=%2Fwp%2Fv2%2Fcomments&post=430"}],"version-history":[{"count":5,"href":"http:\/\/www.maluchuwieliny.pl\/index.php?rest_route=\/wp\/v2\/pages\/430\/revisions"}],"predecessor-version":[{"id":479,"href":"http:\/\/www.maluchuwieliny.pl\/index.php?rest_route=\/wp\/v2\/pages\/430\/revisions\/479"}],"up":[{"embeddable":true,"href":"http:\/\/www.maluchuwieliny.pl\/index.php?rest_route=\/wp\/v2\/pages\/95"}],"wp:attachment":[{"href":"http:\/\/www.maluchuwieliny.pl\/index.php?rest_route=%2Fwp%2Fv2%2Fmedia&parent=430"}],"curies":[{"name":"wp","href":"https:\/\/api.w.org\/{rel}","templated":true}]}}