{"id":440,"date":"2020-10-05T13:48:33","date_gmt":"2020-10-05T13:48:33","guid":{"rendered":"http:\/\/www.maluchuwieliny.pl\/?page_id=440"},"modified":"2020-10-05T14:39:36","modified_gmt":"2020-10-05T14:39:36","slug":"zabawy-plastyczne","status":"publish","type":"page","link":"http:\/\/www.maluchuwieliny.pl\/?page_id=440","title":{"rendered":"Zabawy plastyczne"},"content":{"rendered":"\t\t<div data-elementor-type=\"wp-page\" data-elementor-id=\"440\" class=\"elementor elementor-440\" data-elementor-settings=\"[]\">\n\t\t\t\t\t\t<div class=\"elementor-inner\">\n\t\t\t\t\t\t\t<div class=\"elementor-section-wrap\">\n\t\t\t\t\t\t\t<section class=\"elementor-section elementor-top-section elementor-element elementor-element-dd148a2 elementor-section-boxed elementor-section-height-default elementor-section-height-default\" data-id=\"dd148a2\" data-element_type=\"section\">\n\t\t\t\t\t\t<div class=\"elementor-container elementor-column-gap-default\">\n\t\t\t\t\t\t\t<div class=\"elementor-row\">\n\t\t\t\t\t<div class=\"elementor-column elementor-col-100 elementor-top-column elementor-element elementor-element-9047ee4\" data-id=\"9047ee4\" data-element_type=\"column\">\n\t\t\t<div class=\"elementor-column-wrap elementor-element-populated\">\n\t\t\t\t\t\t\t<div class=\"elementor-widget-wrap\">\n\t\t\t\t\t\t<div class=\"elementor-element elementor-element-0ae0a48 elementor-widget elementor-widget-heading\" data-id=\"0ae0a48\" data-element_type=\"widget\" data-widget_type=\"heading.default\">\n\t\t\t\t<div class=\"elementor-widget-container\">\n\t\t\t<h2 class=\"elementor-heading-title elementor-size-default\">Zabawy plastyczne<\/h2>\t\t<\/div>\n\t\t\t\t<\/div>\n\t\t\t\t\t\t<\/div>\n\t\t\t\t\t<\/div>\n\t\t<\/div>\n\t\t\t\t\t\t\t\t<\/div>\n\t\t\t\t\t<\/div>\n\t\t<\/section>\n\t\t\t\t<section class=\"elementor-section elementor-top-section elementor-element elementor-element-1f6ccd0 elementor-section-boxed elementor-section-height-default elementor-section-height-default\" data-id=\"1f6ccd0\" data-element_type=\"section\">\n\t\t\t\t\t\t<div class=\"elementor-container elementor-column-gap-default\">\n\t\t\t\t\t\t\t<div class=\"elementor-row\">\n\t\t\t\t\t<div class=\"elementor-column elementor-col-100 elementor-top-column elementor-element elementor-element-bd80875\" data-id=\"bd80875\" data-element_type=\"column\">\n\t\t\t<div class=\"elementor-column-wrap elementor-element-populated\">\n\t\t\t\t\t\t\t<div class=\"elementor-widget-wrap\">\n\t\t\t\t\t\t<div class=\"elementor-element elementor-element-489665d elementor-widget elementor-widget-text-editor\" data-id=\"489665d\" data-element_type=\"widget\" data-widget_type=\"text-editor.default\">\n\t\t\t\t<div class=\"elementor-widget-container\">\n\t\t\t\t\t<div class=\"elementor-text-editor elementor-clearfix\"><p><span style=\"font-weight: bolder; font-family: 'Indie Flower';\">Daj\u0105 dzieciom rado\u015b\u0107 i zadowolenie, s\u0105 jedn\u0105 z podstawowych aktywno\u015bci ma\u0142ego dziecka, kt\u00f3ra pozytywnie wp\u0142ywa na poczucie w\u0142asnej warto\u015bci. Tw\u00f3rczo\u015b\u0107 plastyczna zaspokaja dzieci\u0119c\u0105 potrzeb\u0119 dzia\u0142ania, jednocze\u015bnie uspokaja, daje poczucie odpr\u0119\u017cenia. Dzieci podczas pracy tw\u00f3rczej rozwin\u0105 swoje umiej\u0119tno\u015bci manualne, udoskonal\u0105 koordynacj\u0119 wzrokowo-ruchow\u0105, poznaj\u0105 nowe techniki plastyczne. Rozwin\u0105 fantazj\u0119, zdolno\u015bci skojarzeniowe, pomys\u0142owo\u015b\u0107, gi\u0119tko\u015b\u0107, oryginalno\u015b\u0107, p\u0142ynno\u015b\u0107 my\u015blenia. B\u0119dzie to te\u017c ich pierwszy prawdziwy \u201ctrening kreatywno\u015bci\u201d.<\/span><\/p><\/div>\n\t\t\t\t<\/div>\n\t\t\t\t<\/div>\n\t\t\t\t\t\t<\/div>\n\t\t\t\t\t<\/div>\n\t\t<\/div>\n\t\t\t\t\t\t\t\t<\/div>\n\t\t\t\t\t<\/div>\n\t\t<\/section>\n\t\t\t\t\t\t<\/div>\n\t\t\t\t\t\t<\/div>\n\t\t\t\t\t<\/div>\n\t\t","protected":false},"excerpt":{"rendered":"<p>Zabawy plastyczne Daj\u0105 dzieciom rado\u015b\u0107 i zadowolenie, s\u0105 jedn\u0105 z podstawowych aktywno\u015bci ma\u0142ego dziecka, kt\u00f3ra pozytywnie wp\u0142ywa na poczucie w\u0142asnej warto\u015bci. Tw\u00f3rczo\u015b\u0107 plastyczna zaspokaja dzieci\u0119c\u0105 potrzeb\u0119 dzia\u0142ania, jednocze\u015bnie uspokaja, daje poczucie odpr\u0119\u017cenia. Dzieci podczas pracy tw\u00f3rczej rozwin\u0105 swoje umiej\u0119tno\u015bci manualne, udoskonal\u0105 koordynacj\u0119 wzrokowo-ruchow\u0105, poznaj\u0105 nowe techniki plastyczne. Rozwin\u0105 fantazj\u0119, zdolno\u015bci skojarzeniowe, pomys\u0142owo\u015b\u0107, gi\u0119tko\u015b\u0107, oryginalno\u015b\u0107, p\u0142ynno\u015b\u0107 [&hellip;]<\/p>\n","protected":false},"author":1,"featured_media":0,"parent":95,"menu_order":0,"comment_status":"closed","ping_status":"closed","template":"","meta":[],"_links":{"self":[{"href":"http:\/\/www.maluchuwieliny.pl\/index.php?rest_route=\/wp\/v2\/pages\/440"}],"collection":[{"href":"http:\/\/www.maluchuwieliny.pl\/index.php?rest_route=\/wp\/v2\/pages"}],"about":[{"href":"http:\/\/www.maluchuwieliny.pl\/index.php?rest_route=\/wp\/v2\/types\/page"}],"author":[{"embeddable":true,"href":"http:\/\/www.maluchuwieliny.pl\/index.php?rest_route=\/wp\/v2\/users\/1"}],"replies":[{"embeddable":true,"href":"http:\/\/www.maluchuwieliny.pl\/index.php?rest_route=%2Fwp%2Fv2%2Fcomments&post=440"}],"version-history":[{"count":4,"href":"http:\/\/www.maluchuwieliny.pl\/index.php?rest_route=\/wp\/v2\/pages\/440\/revisions"}],"predecessor-version":[{"id":457,"href":"http:\/\/www.maluchuwieliny.pl\/index.php?rest_route=\/wp\/v2\/pages\/440\/revisions\/457"}],"up":[{"embeddable":true,"href":"http:\/\/www.maluchuwieliny.pl\/index.php?rest_route=\/wp\/v2\/pages\/95"}],"wp:attachment":[{"href":"http:\/\/www.maluchuwieliny.pl\/index.php?rest_route=%2Fwp%2Fv2%2Fmedia&parent=440"}],"curies":[{"name":"wp","href":"https:\/\/api.w.org\/{rel}","templated":true}]}}