{"id":472,"date":"2020-10-05T15:49:25","date_gmt":"2020-10-05T15:49:25","guid":{"rendered":"http:\/\/www.maluchuwieliny.pl\/?page_id=472"},"modified":"2020-10-05T15:50:55","modified_gmt":"2020-10-05T15:50:55","slug":"zajecia-kulinarne","status":"publish","type":"page","link":"http:\/\/www.maluchuwieliny.pl\/?page_id=472","title":{"rendered":"Zaj\u0119cia kulinarne"},"content":{"rendered":"\t\t<div data-elementor-type=\"wp-page\" data-elementor-id=\"472\" class=\"elementor elementor-472\" data-elementor-settings=\"[]\">\n\t\t\t\t\t\t<div class=\"elementor-inner\">\n\t\t\t\t\t\t\t<div class=\"elementor-section-wrap\">\n\t\t\t\t\t\t\t<section class=\"elementor-section elementor-top-section elementor-element elementor-element-65da0b3 elementor-section-boxed elementor-section-height-default elementor-section-height-default\" data-id=\"65da0b3\" data-element_type=\"section\">\n\t\t\t\t\t\t<div class=\"elementor-container elementor-column-gap-default\">\n\t\t\t\t\t\t\t<div class=\"elementor-row\">\n\t\t\t\t\t<div class=\"elementor-column elementor-col-100 elementor-top-column elementor-element elementor-element-45d93c7\" data-id=\"45d93c7\" data-element_type=\"column\">\n\t\t\t<div class=\"elementor-column-wrap elementor-element-populated\">\n\t\t\t\t\t\t\t<div class=\"elementor-widget-wrap\">\n\t\t\t\t\t\t<div class=\"elementor-element elementor-element-9d20997 elementor-widget elementor-widget-heading\" data-id=\"9d20997\" data-element_type=\"widget\" data-widget_type=\"heading.default\">\n\t\t\t\t<div class=\"elementor-widget-container\">\n\t\t\t<h2 class=\"elementor-heading-title elementor-size-default\">Zaj\u0119cia kulinarne<\/h2>\t\t<\/div>\n\t\t\t\t<\/div>\n\t\t\t\t\t\t<\/div>\n\t\t\t\t\t<\/div>\n\t\t<\/div>\n\t\t\t\t\t\t\t\t<\/div>\n\t\t\t\t\t<\/div>\n\t\t<\/section>\n\t\t\t\t<section class=\"elementor-section elementor-top-section elementor-element elementor-element-9eac648 elementor-section-boxed elementor-section-height-default elementor-section-height-default\" data-id=\"9eac648\" data-element_type=\"section\">\n\t\t\t\t\t\t<div class=\"elementor-container elementor-column-gap-default\">\n\t\t\t\t\t\t\t<div class=\"elementor-row\">\n\t\t\t\t\t<div class=\"elementor-column elementor-col-100 elementor-top-column elementor-element elementor-element-5f60a6b\" data-id=\"5f60a6b\" data-element_type=\"column\">\n\t\t\t<div class=\"elementor-column-wrap elementor-element-populated\">\n\t\t\t\t\t\t\t<div class=\"elementor-widget-wrap\">\n\t\t\t\t\t\t<div class=\"elementor-element elementor-element-eac2f05 elementor-widget elementor-widget-text-editor\" data-id=\"eac2f05\" data-element_type=\"widget\" data-widget_type=\"text-editor.default\">\n\t\t\t\t<div class=\"elementor-widget-container\">\n\t\t\t\t\t<div class=\"elementor-text-editor elementor-clearfix\"><p style=\"font-family: 'Indie Flower';\">Gotowanie to jedna z wa\u017cniejszych umiej\u0119tno\u015bci, kt\u00f3r\u0105 ka\u017cde dziecko powinno zdobywa\u0107, aby w doros\u0142ym \u017cyciu cieszy\u0107 si\u0119 zdrowiem. Podczas samodzielnego gotowania wiemy co jest na talerzu, uczymy si\u0119 kreatywno\u015bci oraz poznajemy nowe smaki. Dzi\u0119ki temu dzieci kszta\u0142tuj\u0105 prawid\u0142owe postawy \u017cywieniowe. Wczesna edukacja kulinarna wp\u0142ywa na p\u00f3\u017aniejszy wyb\u00f3r potraw serwowanych w swoich domach.<\/p><p style=\"font-family: 'Indie Flower';\">Zaj\u0119cia maj\u0105 na celu pokaza\u0107 dzieciom jak mo\u017cna weso\u0142o bawi\u0107 si\u0119 w kuchni.<\/p><\/div>\n\t\t\t\t<\/div>\n\t\t\t\t<\/div>\n\t\t\t\t\t\t<\/div>\n\t\t\t\t\t<\/div>\n\t\t<\/div>\n\t\t\t\t\t\t\t\t<\/div>\n\t\t\t\t\t<\/div>\n\t\t<\/section>\n\t\t\t\t\t\t<\/div>\n\t\t\t\t\t\t<\/div>\n\t\t\t\t\t<\/div>\n\t\t","protected":false},"excerpt":{"rendered":"<p>Zaj\u0119cia kulinarne Gotowanie to jedna z wa\u017cniejszych umiej\u0119tno\u015bci, kt\u00f3r\u0105 ka\u017cde dziecko powinno zdobywa\u0107, aby w doros\u0142ym \u017cyciu cieszy\u0107 si\u0119 zdrowiem. Podczas samodzielnego gotowania wiemy co jest na talerzu, uczymy si\u0119 kreatywno\u015bci oraz poznajemy nowe smaki. Dzi\u0119ki temu dzieci kszta\u0142tuj\u0105 prawid\u0142owe postawy \u017cywieniowe. Wczesna edukacja kulinarna wp\u0142ywa na p\u00f3\u017aniejszy wyb\u00f3r potraw serwowanych w swoich domach. Zaj\u0119cia [&hellip;]<\/p>\n","protected":false},"author":1,"featured_media":0,"parent":78,"menu_order":0,"comment_status":"closed","ping_status":"closed","template":"","meta":[],"_links":{"self":[{"href":"http:\/\/www.maluchuwieliny.pl\/index.php?rest_route=\/wp\/v2\/pages\/472"}],"collection":[{"href":"http:\/\/www.maluchuwieliny.pl\/index.php?rest_route=\/wp\/v2\/pages"}],"about":[{"href":"http:\/\/www.maluchuwieliny.pl\/index.php?rest_route=\/wp\/v2\/types\/page"}],"author":[{"embeddable":true,"href":"http:\/\/www.maluchuwieliny.pl\/index.php?rest_route=\/wp\/v2\/users\/1"}],"replies":[{"embeddable":true,"href":"http:\/\/www.maluchuwieliny.pl\/index.php?rest_route=%2Fwp%2Fv2%2Fcomments&post=472"}],"version-history":[{"count":2,"href":"http:\/\/www.maluchuwieliny.pl\/index.php?rest_route=\/wp\/v2\/pages\/472\/revisions"}],"predecessor-version":[{"id":474,"href":"http:\/\/www.maluchuwieliny.pl\/index.php?rest_route=\/wp\/v2\/pages\/472\/revisions\/474"}],"up":[{"embeddable":true,"href":"http:\/\/www.maluchuwieliny.pl\/index.php?rest_route=\/wp\/v2\/pages\/78"}],"wp:attachment":[{"href":"http:\/\/www.maluchuwieliny.pl\/index.php?rest_route=%2Fwp%2Fv2%2Fmedia&parent=472"}],"curies":[{"name":"wp","href":"https:\/\/api.w.org\/{rel}","templated":true}]}}