{"id":480,"date":"2020-10-06T07:04:57","date_gmt":"2020-10-06T07:04:57","guid":{"rendered":"http:\/\/www.maluchuwieliny.pl\/?page_id=480"},"modified":"2020-10-06T07:05:54","modified_gmt":"2020-10-06T07:05:54","slug":"zajecia-edukacyjne","status":"publish","type":"page","link":"http:\/\/www.maluchuwieliny.pl\/?page_id=480","title":{"rendered":"Zaj\u0119cia edukacyjne"},"content":{"rendered":"\t\t<div data-elementor-type=\"wp-page\" data-elementor-id=\"480\" class=\"elementor elementor-480\" data-elementor-settings=\"[]\">\n\t\t\t\t\t\t<div class=\"elementor-inner\">\n\t\t\t\t\t\t\t<div class=\"elementor-section-wrap\">\n\t\t\t\t\t\t\t<section class=\"elementor-section elementor-top-section elementor-element elementor-element-2e98e12 elementor-section-boxed elementor-section-height-default elementor-section-height-default\" data-id=\"2e98e12\" data-element_type=\"section\">\n\t\t\t\t\t\t<div class=\"elementor-container elementor-column-gap-default\">\n\t\t\t\t\t\t\t<div class=\"elementor-row\">\n\t\t\t\t\t<div class=\"elementor-column elementor-col-100 elementor-top-column elementor-element elementor-element-118b691\" data-id=\"118b691\" data-element_type=\"column\">\n\t\t\t<div class=\"elementor-column-wrap elementor-element-populated\">\n\t\t\t\t\t\t\t<div class=\"elementor-widget-wrap\">\n\t\t\t\t\t\t<div class=\"elementor-element elementor-element-e20a7fb elementor-widget elementor-widget-heading\" data-id=\"e20a7fb\" data-element_type=\"widget\" data-widget_type=\"heading.default\">\n\t\t\t\t<div class=\"elementor-widget-container\">\n\t\t\t<h2 class=\"elementor-heading-title elementor-size-default\">Zaj\u0119cia edukacyjne<\/h2>\t\t<\/div>\n\t\t\t\t<\/div>\n\t\t\t\t\t\t<\/div>\n\t\t\t\t\t<\/div>\n\t\t<\/div>\n\t\t\t\t\t\t\t\t<\/div>\n\t\t\t\t\t<\/div>\n\t\t<\/section>\n\t\t\t\t<section class=\"elementor-section elementor-top-section elementor-element elementor-element-0a3f8df elementor-section-boxed elementor-section-height-default elementor-section-height-default\" data-id=\"0a3f8df\" data-element_type=\"section\">\n\t\t\t\t\t\t<div class=\"elementor-container elementor-column-gap-default\">\n\t\t\t\t\t\t\t<div class=\"elementor-row\">\n\t\t\t\t\t<div class=\"elementor-column elementor-col-100 elementor-top-column elementor-element elementor-element-6a11290\" data-id=\"6a11290\" data-element_type=\"column\">\n\t\t\t<div class=\"elementor-column-wrap elementor-element-populated\">\n\t\t\t\t\t\t\t<div class=\"elementor-widget-wrap\">\n\t\t\t\t\t\t<div class=\"elementor-element elementor-element-2e94429 elementor-widget elementor-widget-text-editor\" data-id=\"2e94429\" data-element_type=\"widget\" data-widget_type=\"text-editor.default\">\n\t\t\t\t<div class=\"elementor-widget-container\">\n\t\t\t\t\t<div class=\"elementor-text-editor elementor-clearfix\"><p>To sta\u0142y element ka\u017cdego dnia. Zobligowani przepisami prawa realizujemy zaj\u0119cia edukacyjne zgodne z og\u0142oszon\u0105 podstaw\u0105 programow\u0105 wg MEN a\u017c do zer\u00f3wki. Aktywno\u015bci na zaj\u0119ciach obejmuj\u0105 wszystkie sfery rozwoju dziecka:<\/p><ul><li>kszta\u0142towanie umiej\u0119tno\u015bci spo\u0142ecznych dzieci: porozumiewanie si\u0119 z doros\u0142ymi i innymi dzie\u0107mi, zgodne funkcjonowanie w zabawie i w sytuacjach zadaniowych;<\/li><li>kszta\u0142towanie czynno\u015bci samoobs\u0142ugowych, nawyk\u00f3w higienicznych i kulturowych, przyzwyczajanie dzieci do utrzymywania \u0142adu i porz\u0105dku;<\/li><li>wspomaganie rozwoju mowy dzieci;<\/li><li>wspieranie dzieci w rozwijaniu czynno\u015bci intelektualnych, niezb\u0119dnych w poznawaniu i rozumieniu siebie i swojego otoczenia;<\/li><li>wychowanie zdrowotne i kszta\u0142towanie sprawno\u015bci fizycznej dzieci;<\/li><li>wdra\u017canie dzieci do dba\u0142o\u015bci o bezpiecze\u0144stwo w\u0142asne oraz innych.<\/li><\/ul><p>Poza podstaw\u0105, dzieci uczestnicz\u0105 w wielu kreatywnych dzia\u0142aniach opisanych poni\u017cej.<\/p><\/div>\n\t\t\t\t<\/div>\n\t\t\t\t<\/div>\n\t\t\t\t\t\t<\/div>\n\t\t\t\t\t<\/div>\n\t\t<\/div>\n\t\t\t\t\t\t\t\t<\/div>\n\t\t\t\t\t<\/div>\n\t\t<\/section>\n\t\t\t\t\t\t<\/div>\n\t\t\t\t\t\t<\/div>\n\t\t\t\t\t<\/div>\n\t\t","protected":false},"excerpt":{"rendered":"<p>Zaj\u0119cia edukacyjne To sta\u0142y element ka\u017cdego dnia. Zobligowani przepisami prawa realizujemy zaj\u0119cia edukacyjne zgodne z og\u0142oszon\u0105 podstaw\u0105 programow\u0105 wg MEN a\u017c do zer\u00f3wki. Aktywno\u015bci na zaj\u0119ciach obejmuj\u0105 wszystkie sfery rozwoju dziecka: kszta\u0142towanie umiej\u0119tno\u015bci spo\u0142ecznych dzieci: porozumiewanie si\u0119 z doros\u0142ymi i innymi dzie\u0107mi, zgodne funkcjonowanie w zabawie i w sytuacjach zadaniowych; kszta\u0142towanie czynno\u015bci samoobs\u0142ugowych, nawyk\u00f3w higienicznych [&hellip;]<\/p>\n","protected":false},"author":1,"featured_media":0,"parent":0,"menu_order":0,"comment_status":"closed","ping_status":"closed","template":"","meta":[],"_links":{"self":[{"href":"http:\/\/www.maluchuwieliny.pl\/index.php?rest_route=\/wp\/v2\/pages\/480"}],"collection":[{"href":"http:\/\/www.maluchuwieliny.pl\/index.php?rest_route=\/wp\/v2\/pages"}],"about":[{"href":"http:\/\/www.maluchuwieliny.pl\/index.php?rest_route=\/wp\/v2\/types\/page"}],"author":[{"embeddable":true,"href":"http:\/\/www.maluchuwieliny.pl\/index.php?rest_route=\/wp\/v2\/users\/1"}],"replies":[{"embeddable":true,"href":"http:\/\/www.maluchuwieliny.pl\/index.php?rest_route=%2Fwp%2Fv2%2Fcomments&post=480"}],"version-history":[{"count":2,"href":"http:\/\/www.maluchuwieliny.pl\/index.php?rest_route=\/wp\/v2\/pages\/480\/revisions"}],"predecessor-version":[{"id":483,"href":"http:\/\/www.maluchuwieliny.pl\/index.php?rest_route=\/wp\/v2\/pages\/480\/revisions\/483"}],"wp:attachment":[{"href":"http:\/\/www.maluchuwieliny.pl\/index.php?rest_route=%2Fwp%2Fv2%2Fmedia&parent=480"}],"curies":[{"name":"wp","href":"https:\/\/api.w.org\/{rel}","templated":true}]}}