{"id":503,"date":"2020-10-06T07:13:16","date_gmt":"2020-10-06T07:13:16","guid":{"rendered":"http:\/\/www.maluchuwieliny.pl\/?page_id=503"},"modified":"2020-10-06T07:13:58","modified_gmt":"2020-10-06T07:13:58","slug":"kinezjologia-edukacyjna","status":"publish","type":"page","link":"http:\/\/www.maluchuwieliny.pl\/?page_id=503","title":{"rendered":"Kinezjologia Edukacyjna"},"content":{"rendered":"\t\t<div data-elementor-type=\"wp-page\" data-elementor-id=\"503\" class=\"elementor elementor-503\" data-elementor-settings=\"[]\">\n\t\t\t\t\t\t<div class=\"elementor-inner\">\n\t\t\t\t\t\t\t<div class=\"elementor-section-wrap\">\n\t\t\t\t\t\t\t<section class=\"elementor-section elementor-top-section elementor-element elementor-element-032cd3f elementor-section-boxed elementor-section-height-default elementor-section-height-default\" data-id=\"032cd3f\" data-element_type=\"section\">\n\t\t\t\t\t\t<div class=\"elementor-container elementor-column-gap-default\">\n\t\t\t\t\t\t\t<div class=\"elementor-row\">\n\t\t\t\t\t<div class=\"elementor-column elementor-col-100 elementor-top-column elementor-element elementor-element-7f52c05\" data-id=\"7f52c05\" data-element_type=\"column\">\n\t\t\t<div class=\"elementor-column-wrap elementor-element-populated\">\n\t\t\t\t\t\t\t<div class=\"elementor-widget-wrap\">\n\t\t\t\t\t\t<div class=\"elementor-element elementor-element-e16a753 elementor-widget elementor-widget-heading\" data-id=\"e16a753\" data-element_type=\"widget\" data-widget_type=\"heading.default\">\n\t\t\t\t<div class=\"elementor-widget-container\">\n\t\t\t<h2 class=\"elementor-heading-title elementor-size-default\">Kinezjologia Edukacyjna<\/h2>\t\t<\/div>\n\t\t\t\t<\/div>\n\t\t\t\t\t\t<\/div>\n\t\t\t\t\t<\/div>\n\t\t<\/div>\n\t\t\t\t\t\t\t\t<\/div>\n\t\t\t\t\t<\/div>\n\t\t<\/section>\n\t\t\t\t<section class=\"elementor-section elementor-top-section elementor-element elementor-element-3d55cb4 elementor-section-boxed elementor-section-height-default elementor-section-height-default\" data-id=\"3d55cb4\" data-element_type=\"section\">\n\t\t\t\t\t\t<div class=\"elementor-container elementor-column-gap-default\">\n\t\t\t\t\t\t\t<div class=\"elementor-row\">\n\t\t\t\t\t<div class=\"elementor-column elementor-col-100 elementor-top-column elementor-element elementor-element-0e68dba\" data-id=\"0e68dba\" data-element_type=\"column\">\n\t\t\t<div class=\"elementor-column-wrap elementor-element-populated\">\n\t\t\t\t\t\t\t<div class=\"elementor-widget-wrap\">\n\t\t\t\t\t\t<div class=\"elementor-element elementor-element-b944371 elementor-widget elementor-widget-text-editor\" data-id=\"b944371\" data-element_type=\"widget\" data-widget_type=\"text-editor.default\">\n\t\t\t\t<div class=\"elementor-widget-container\">\n\t\t\t\t\t<div class=\"elementor-text-editor elementor-clearfix\"><p>To metoda, kt\u00f3r\u0105 opracowa\u0142 dr Paul Dennison. Dzi\u0119ki wielu do\u015bwiadczeniom i wnikliwym badaniom doszed\u0142 on do wniosku, \u017ce istniej\u0105 ruchy i \u0107wiczenia, kt\u00f3re przynosz\u0105 korzy\u015b\u0107 ka\u017cdemu uczestnikowi. \u0106wiczenia te przynosz\u0105 efekty w postaci poprawy koncentracji na zadaniach, poprawy koordynacji wzrokowo-ruchowej, poprawy r\u00f3\u017cnych umiej\u0119tno\u015bci szkolnych (wys\u0142awiania si\u0119, czytania, liczenia, zapami\u0119tywania cyfr, pisania), zwi\u0119kszania zdolno\u015bci manualnych, uaktywniania lewej p\u00f3\u0142kuli m\u00f3zgu, synchronizacji wsp\u00f3\u0142pracy obu p\u00f3\u0142kul m\u00f3zgowych. \u0106wiczenia te usuwaj\u0105 zm\u0119czenie, odpr\u0119\u017caj\u0105 i relaksuj\u0105.<\/p><p>\u00a0<\/p><p>Celem \u0107wicze\u0144 jest:<\/p><ul><li>Koordynacja pracy narz\u0105du wzroku<\/li><li>Zwi\u0119kszenie ruchliwo\u015bci ga\u0142ek ocznych<\/li><li>Pobudzenie pracy kory m\u00f3zgowej<\/li><li>Poprawa koncentracji<\/li><li>Zsynchronizowanie pracy obydwu p\u00f3\u0142kul m\u00f3zgowych<\/li><li>Usprawnienie koordynacji lewej i prawej strony cia\u0142a<\/li><li>Wzmacnianie zmys\u0142u wzroku i s\u0142uchu<\/li><li>U\u0142atwianie opanowywania materia\u0142u i jego p\u00f3\u017aniejszego odtwarzania<\/li><li>Rozlu\u017anienie mi\u0119\u015bni, odpr\u0119\u017cenie<\/li><\/ul><\/div>\n\t\t\t\t<\/div>\n\t\t\t\t<\/div>\n\t\t\t\t\t\t<\/div>\n\t\t\t\t\t<\/div>\n\t\t<\/div>\n\t\t\t\t\t\t\t\t<\/div>\n\t\t\t\t\t<\/div>\n\t\t<\/section>\n\t\t\t\t\t\t<\/div>\n\t\t\t\t\t\t<\/div>\n\t\t\t\t\t<\/div>\n\t\t","protected":false},"excerpt":{"rendered":"<p>Kinezjologia Edukacyjna To metoda, kt\u00f3r\u0105 opracowa\u0142 dr Paul Dennison. Dzi\u0119ki wielu do\u015bwiadczeniom i wnikliwym badaniom doszed\u0142 on do wniosku, \u017ce istniej\u0105 ruchy i \u0107wiczenia, kt\u00f3re przynosz\u0105 korzy\u015b\u0107 ka\u017cdemu uczestnikowi. \u0106wiczenia te przynosz\u0105 efekty w postaci poprawy koncentracji na zadaniach, poprawy koordynacji wzrokowo-ruchowej, poprawy r\u00f3\u017cnych umiej\u0119tno\u015bci szkolnych (wys\u0142awiania si\u0119, czytania, liczenia, zapami\u0119tywania cyfr, pisania), zwi\u0119kszania zdolno\u015bci [&hellip;]<\/p>\n","protected":false},"author":1,"featured_media":0,"parent":0,"menu_order":0,"comment_status":"closed","ping_status":"closed","template":"","meta":[],"_links":{"self":[{"href":"http:\/\/www.maluchuwieliny.pl\/index.php?rest_route=\/wp\/v2\/pages\/503"}],"collection":[{"href":"http:\/\/www.maluchuwieliny.pl\/index.php?rest_route=\/wp\/v2\/pages"}],"about":[{"href":"http:\/\/www.maluchuwieliny.pl\/index.php?rest_route=\/wp\/v2\/types\/page"}],"author":[{"embeddable":true,"href":"http:\/\/www.maluchuwieliny.pl\/index.php?rest_route=\/wp\/v2\/users\/1"}],"replies":[{"embeddable":true,"href":"http:\/\/www.maluchuwieliny.pl\/index.php?rest_route=%2Fwp%2Fv2%2Fcomments&post=503"}],"version-history":[{"count":2,"href":"http:\/\/www.maluchuwieliny.pl\/index.php?rest_route=\/wp\/v2\/pages\/503\/revisions"}],"predecessor-version":[{"id":506,"href":"http:\/\/www.maluchuwieliny.pl\/index.php?rest_route=\/wp\/v2\/pages\/503\/revisions\/506"}],"wp:attachment":[{"href":"http:\/\/www.maluchuwieliny.pl\/index.php?rest_route=%2Fwp%2Fv2%2Fmedia&parent=503"}],"curies":[{"name":"wp","href":"https:\/\/api.w.org\/{rel}","templated":true}]}}