{"id":528,"date":"2020-10-18T18:46:58","date_gmt":"2020-10-18T18:46:58","guid":{"rendered":"http:\/\/www.maluchuwieliny.pl\/?page_id=528"},"modified":"2020-10-18T18:47:33","modified_gmt":"2020-10-18T18:47:33","slug":"doswiadczenia","status":"publish","type":"page","link":"http:\/\/www.maluchuwieliny.pl\/?page_id=528","title":{"rendered":"Do\u015bwiadczenia"},"content":{"rendered":"\t\t<div data-elementor-type=\"wp-page\" data-elementor-id=\"528\" class=\"elementor elementor-528\" data-elementor-settings=\"[]\">\n\t\t\t\t\t\t<div class=\"elementor-inner\">\n\t\t\t\t\t\t\t<div class=\"elementor-section-wrap\">\n\t\t\t\t\t\t\t<section class=\"elementor-section elementor-top-section elementor-element elementor-element-e83bf70 elementor-section-boxed elementor-section-height-default elementor-section-height-default\" data-id=\"e83bf70\" data-element_type=\"section\">\n\t\t\t\t\t\t<div class=\"elementor-container elementor-column-gap-default\">\n\t\t\t\t\t\t\t<div class=\"elementor-row\">\n\t\t\t\t\t<div class=\"elementor-column elementor-col-100 elementor-top-column elementor-element elementor-element-7262231\" data-id=\"7262231\" data-element_type=\"column\">\n\t\t\t<div class=\"elementor-column-wrap elementor-element-populated\">\n\t\t\t\t\t\t\t<div class=\"elementor-widget-wrap\">\n\t\t\t\t\t\t<div class=\"elementor-element elementor-element-d19f0e9 elementor-widget elementor-widget-heading\" data-id=\"d19f0e9\" data-element_type=\"widget\" data-widget_type=\"heading.default\">\n\t\t\t\t<div class=\"elementor-widget-container\">\n\t\t\t<h2 class=\"elementor-heading-title elementor-size-default\">Do\u015bwiadczenia<\/h2>\t\t<\/div>\n\t\t\t\t<\/div>\n\t\t\t\t\t\t<\/div>\n\t\t\t\t\t<\/div>\n\t\t<\/div>\n\t\t\t\t\t\t\t\t<\/div>\n\t\t\t\t\t<\/div>\n\t\t<\/section>\n\t\t\t\t<section class=\"elementor-section elementor-top-section elementor-element elementor-element-1feabb7 elementor-section-boxed elementor-section-height-default elementor-section-height-default\" data-id=\"1feabb7\" data-element_type=\"section\">\n\t\t\t\t\t\t<div class=\"elementor-container elementor-column-gap-default\">\n\t\t\t\t\t\t\t<div class=\"elementor-row\">\n\t\t\t\t\t<div class=\"elementor-column elementor-col-100 elementor-top-column elementor-element elementor-element-0408619\" data-id=\"0408619\" data-element_type=\"column\">\n\t\t\t<div class=\"elementor-column-wrap elementor-element-populated\">\n\t\t\t\t\t\t\t<div class=\"elementor-widget-wrap\">\n\t\t\t\t\t\t<div class=\"elementor-element elementor-element-2565687 elementor-widget elementor-widget-text-editor\" data-id=\"2565687\" data-element_type=\"widget\" data-widget_type=\"text-editor.default\">\n\t\t\t\t<div class=\"elementor-widget-container\">\n\t\t\t\t\t<div class=\"elementor-text-editor elementor-clearfix\"><p>Na tych zaj\u0119ciach dzi\u0119ki zabawie dzieci poznaj\u0105 i przybli\u017c\u0105 sobie niesamowite zjawiska przyrodnicze, fizyczne i chemiczne, kt\u00f3re codziennie pojawiaj\u0105 si\u0119 w ich \u017cyciu.<\/p><\/div>\n\t\t\t\t<\/div>\n\t\t\t\t<\/div>\n\t\t\t\t\t\t<\/div>\n\t\t\t\t\t<\/div>\n\t\t<\/div>\n\t\t\t\t\t\t\t\t<\/div>\n\t\t\t\t\t<\/div>\n\t\t<\/section>\n\t\t\t\t\t\t<\/div>\n\t\t\t\t\t\t<\/div>\n\t\t\t\t\t<\/div>\n\t\t","protected":false},"excerpt":{"rendered":"<p>Do\u015bwiadczenia Na tych zaj\u0119ciach dzi\u0119ki zabawie dzieci poznaj\u0105 i przybli\u017c\u0105 sobie niesamowite zjawiska przyrodnicze, fizyczne i chemiczne, kt\u00f3re codziennie pojawiaj\u0105 si\u0119 w ich \u017cyciu.<\/p>\n","protected":false},"author":1,"featured_media":0,"parent":0,"menu_order":0,"comment_status":"closed","ping_status":"closed","template":"","meta":[],"_links":{"self":[{"href":"http:\/\/www.maluchuwieliny.pl\/index.php?rest_route=\/wp\/v2\/pages\/528"}],"collection":[{"href":"http:\/\/www.maluchuwieliny.pl\/index.php?rest_route=\/wp\/v2\/pages"}],"about":[{"href":"http:\/\/www.maluchuwieliny.pl\/index.php?rest_route=\/wp\/v2\/types\/page"}],"author":[{"embeddable":true,"href":"http:\/\/www.maluchuwieliny.pl\/index.php?rest_route=\/wp\/v2\/users\/1"}],"replies":[{"embeddable":true,"href":"http:\/\/www.maluchuwieliny.pl\/index.php?rest_route=%2Fwp%2Fv2%2Fcomments&post=528"}],"version-history":[{"count":2,"href":"http:\/\/www.maluchuwieliny.pl\/index.php?rest_route=\/wp\/v2\/pages\/528\/revisions"}],"predecessor-version":[{"id":531,"href":"http:\/\/www.maluchuwieliny.pl\/index.php?rest_route=\/wp\/v2\/pages\/528\/revisions\/531"}],"wp:attachment":[{"href":"http:\/\/www.maluchuwieliny.pl\/index.php?rest_route=%2Fwp%2Fv2%2Fmedia&parent=528"}],"curies":[{"name":"wp","href":"https:\/\/api.w.org\/{rel}","templated":true}]}}