{"id":118,"date":"2020-10-01T18:15:47","date_gmt":"2020-10-01T18:15:47","guid":{"rendered":"http:\/\/www.maluchuwieliny.pl\/?page_id=118"},"modified":"2024-07-26T08:44:26","modified_gmt":"2024-07-26T08:44:26","slug":"oferta","status":"publish","type":"page","link":"https:\/\/www.maluchuwieliny.pl\/?page_id=118","title":{"rendered":"OFERTA"},"content":{"rendered":"\t\t<div data-elementor-type=\"wp-page\" data-elementor-id=\"118\" class=\"elementor elementor-118\" data-elementor-settings=\"[]\">\n\t\t\t\t\t\t<div class=\"elementor-inner\">\n\t\t\t\t\t\t\t<div class=\"elementor-section-wrap\">\n\t\t\t\t\t\t\t<section class=\"elementor-section elementor-top-section elementor-element elementor-element-677f8a5 elementor-section-boxed elementor-section-height-default elementor-section-height-default\" data-id=\"677f8a5\" data-element_type=\"section\">\n\t\t\t\t\t\t<div class=\"elementor-container elementor-column-gap-default\">\n\t\t\t\t\t\t\t<div class=\"elementor-row\">\n\t\t\t\t\t<div class=\"elementor-column elementor-col-50 elementor-top-column elementor-element elementor-element-ae33004\" data-id=\"ae33004\" data-element_type=\"column\">\n\t\t\t<div class=\"elementor-column-wrap elementor-element-populated\">\n\t\t\t\t\t\t\t<div class=\"elementor-widget-wrap\">\n\t\t\t\t\t\t<div class=\"elementor-element elementor-element-84a9482 elementor-widget elementor-widget-heading\" data-id=\"84a9482\" data-element_type=\"widget\" data-widget_type=\"heading.default\">\n\t\t\t\t<div class=\"elementor-widget-container\">\n\t\t\t<h6 class=\"elementor-heading-title elementor-size-default\">W MALUCHU mo\u017cna skorzysta\u0107 z :<\/h6>\t\t<\/div>\n\t\t\t\t<\/div>\n\t\t\t\t\t\t<\/div>\n\t\t\t\t\t<\/div>\n\t\t<\/div>\n\t\t\t\t<div class=\"elementor-column elementor-col-50 elementor-top-column elementor-element elementor-element-bdfef4e\" data-id=\"bdfef4e\" data-element_type=\"column\">\n\t\t\t<div class=\"elementor-column-wrap elementor-element-populated\">\n\t\t\t\t\t\t\t<div class=\"elementor-widget-wrap\">\n\t\t\t\t\t\t<div class=\"elementor-element elementor-element-602a410 elementor-widget elementor-widget-text-editor\" data-id=\"602a410\" data-element_type=\"widget\" data-widget_type=\"text-editor.default\">\n\t\t\t\t<div class=\"elementor-widget-container\">\n\t\t\t\t\t<div class=\"elementor-text-editor elementor-clearfix\"><ul><li><b>ca\u0142odziennej, regularnej opieki nad dzieckiem wraz z wy\u017cywieniem- PRZEDSZKOLE;<\/b><\/li><li><b>opieki godzinowej lub dziennej (powy\u017cej 5 godzin), po ustaleniu z dyrektorem, w miar\u0119 wolnych miejsc).\u00a0<\/b><\/li><\/ul><\/div>\n\t\t\t\t<\/div>\n\t\t\t\t<\/div>\n\t\t\t\t\t\t<\/div>\n\t\t\t\t\t<\/div>\n\t\t<\/div>\n\t\t\t\t\t\t\t\t<\/div>\n\t\t\t\t\t<\/div>\n\t\t<\/section>\n\t\t\t\t<section class=\"elementor-section elementor-top-section elementor-element elementor-element-14ef5f8 elementor-section-boxed elementor-section-height-default elementor-section-height-default\" data-id=\"14ef5f8\" data-element_type=\"section\">\n\t\t\t\t\t\t<div class=\"elementor-container elementor-column-gap-default\">\n\t\t\t\t\t\t\t<div class=\"elementor-row\">\n\t\t\t\t\t<div class=\"elementor-column elementor-col-50 elementor-top-column elementor-element elementor-element-8867d95\" data-id=\"8867d95\" data-element_type=\"column\">\n\t\t\t<div class=\"elementor-column-wrap elementor-element-populated\">\n\t\t\t\t\t\t\t<div class=\"elementor-widget-wrap\">\n\t\t\t\t\t\t<div class=\"elementor-element elementor-element-8846bd7 elementor-widget elementor-widget-heading\" data-id=\"8846bd7\" data-element_type=\"widget\" data-widget_type=\"heading.default\">\n\t\t\t\t<div class=\"elementor-widget-container\">\n\t\t\t<h6 class=\"elementor-heading-title elementor-size-default\">W ramach czesnego :<\/h6>\t\t<\/div>\n\t\t\t\t<\/div>\n\t\t\t\t\t\t<\/div>\n\t\t\t\t\t<\/div>\n\t\t<\/div>\n\t\t\t\t<div class=\"elementor-column elementor-col-50 elementor-top-column elementor-element elementor-element-e5bc86f\" data-id=\"e5bc86f\" data-element_type=\"column\">\n\t\t\t<div class=\"elementor-column-wrap elementor-element-populated\">\n\t\t\t\t\t\t\t<div class=\"elementor-widget-wrap\">\n\t\t\t\t\t\t<div class=\"elementor-element elementor-element-cd1878c elementor-widget elementor-widget-text-editor\" data-id=\"cd1878c\" data-element_type=\"widget\" data-widget_type=\"text-editor.default\">\n\t\t\t\t<div class=\"elementor-widget-container\">\n\t\t\t\t\t<div class=\"elementor-text-editor elementor-clearfix\"><p><b>W ci\u0105gu dnia, wszystkie zaj\u0119cia prowadzone s\u0105 tak aby maksymalnie zaanga\u017cowa\u0107 i zaciekawi\u0107 dzieci. Dzieci wchodz\u0105 w interakcje z r\u00f3wie\u015bnikami, doskonal\u0105 swoje umiej\u0119tno\u015bci i odkrywaj\u0105 talenty.<\/b><\/p><p><b>W pracy z dzie\u0107mi\u00a0<\/b><span style=\"font-weight: bolder;\">wykorzystujemy te\u017c nowatorskie, ale sprawdzone ju\u017c metody<\/span>, <b>kt\u00f3re wspieraj\u0105 nauczyciela w osi\u0105gni\u0119ciu zamierzonych cel\u00f3w, dzieciom za\u015b pomagaj\u0105 zdobywa\u0107 i utrwala\u0107 wiadomo\u015bci, poprawiaj\u0105 pami\u0119\u0107, koordynacj\u0119 i usprawniaj\u0105 prac\u0119 m\u00f3zgu.<br \/><\/b><\/p><ul><li><b>Zaj\u0119cia rozwijaj\u0105ce w ramach realizowania podstawy programowej wg MEN (<a href=\"http:\/\/www.maluchuwieliny.pl\/?page_id=480\">rozwi\u0144<\/a>)<\/b><\/li><li><b>Codzienne zaj\u0119cia w j\u0119zyku obcym (<a href=\"http:\/\/www.maluchuwieliny.pl\/?page_id=484\">rozwi\u0144<\/a>)<\/b><\/li><li><b>Elementy Dzieci\u0119cej matematyki (<a href=\"http:\/\/www.maluchuwieliny.pl\/?page_id=491\">rozwi\u0144<\/a>)<\/b><\/li><li><b>Zaj\u0119cia prowadzone wg Metody Dobrego Startu (<a href=\"http:\/\/www.maluchuwieliny.pl\/?page_id=495\">rozwi\u0144<\/a>)<\/b><\/li><li><b>Zaj\u0119cia z elementami Glottodydaktyki (<a href=\"http:\/\/www.maluchuwieliny.pl\/?page_id=499\">rozwi\u0144<\/a>)<\/b><\/li><li><b>Zaj\u0119cia z elementami Kinezjologii Edukacyjnej (<a href=\"http:\/\/www.maluchuwieliny.pl\/?page_id=503\">rozwi\u0144<\/a>)<\/b><\/li><li><b>Zabawy rytmiczno- muzyczne (<a href=\"http:\/\/www.maluchuwieliny.pl\/?page_id=413\">rozwi\u0144<\/a>)<\/b><\/li><li><b>Zabawy rozwijaj\u0105ce mow\u0119 (<a href=\"http:\/\/www.maluchuwieliny.pl\/?page_id=420\">rozwi\u0144<\/a>)<\/b><\/li><li><b>Zabawy tematyczne (<a href=\"http:\/\/www.maluchuwieliny.pl\/?page_id=425\">rozwi\u0144<\/a>)<\/b><\/li><li><b>Zabawy wielo sensoryczne (<a href=\"http:\/\/www.maluchuwieliny.pl\/?page_id=430\">rozwi\u0144<\/a>)<\/b><\/li><li><b>Kreatywne zaj\u0119cia artystyczne (<a href=\"http:\/\/www.maluchuwieliny.pl\/?page_id=440\">rozwi\u0144<\/a>)<\/b><\/li><li><b>Do\u015bwiadczenia fizyczne\/ chemiczne (<a href=\"http:\/\/www.maluchuwieliny.pl\/?page_id=528\">rozwi\u0144<\/a>)<\/b><\/li><li><b>Zaj\u0119cia kulinarne (<a href=\"http:\/\/www.maluchuwieliny.pl\/?page_id=472\">rozwi\u0144<\/a>)<\/b><\/li><li><b>Zaj\u0119cia sportowe (<a href=\"http:\/\/www.maluchuwieliny.pl\/?page_id=468\">rozwi\u0144<\/a>)<\/b><\/li><li><b>Codzienne s\u0142uchanie bajek, wierszy i opowie\u015bci<\/b><\/li><li><b>Przesiewowe obserwacje logopedyczne i psychologiczne<\/b><\/li><li><b>Imprezy tematyczne<\/b><\/li><li><b>Spotkania okoliczno\u015bciowe<\/b><\/li><li><b>Teatrzyki i wyst\u0119py<\/b><\/li><li><b>Spacery i zabawy na \u015bwie\u017cym powietrzu<\/b><\/li><\/ul><\/div>\n\t\t\t\t<\/div>\n\t\t\t\t<\/div>\n\t\t\t\t\t\t<\/div>\n\t\t\t\t\t<\/div>\n\t\t<\/div>\n\t\t\t\t\t\t\t\t<\/div>\n\t\t\t\t\t<\/div>\n\t\t<\/section>\n\t\t\t\t<section class=\"elementor-section elementor-top-section elementor-element elementor-element-d1fb9b4 elementor-section-boxed elementor-section-height-default elementor-section-height-default\" data-id=\"d1fb9b4\" data-element_type=\"section\">\n\t\t\t\t\t\t<div class=\"elementor-container elementor-column-gap-default\">\n\t\t\t\t\t\t\t<div class=\"elementor-row\">\n\t\t\t\t\t<div class=\"elementor-column elementor-col-50 elementor-top-column elementor-element elementor-element-d1b090d\" data-id=\"d1b090d\" data-element_type=\"column\">\n\t\t\t<div class=\"elementor-column-wrap elementor-element-populated\">\n\t\t\t\t\t\t\t<div class=\"elementor-widget-wrap\">\n\t\t\t\t\t\t<div class=\"elementor-element elementor-element-3936627 elementor-widget elementor-widget-text-editor\" data-id=\"3936627\" data-element_type=\"widget\" data-widget_type=\"text-editor.default\">\n\t\t\t\t<div class=\"elementor-widget-container\">\n\t\t\t\t\t<div class=\"elementor-text-editor elementor-clearfix\"><p>Dodatkowo p\u0142atne :<\/p><\/div>\n\t\t\t\t<\/div>\n\t\t\t\t<\/div>\n\t\t\t\t\t\t<\/div>\n\t\t\t\t\t<\/div>\n\t\t<\/div>\n\t\t\t\t<div class=\"elementor-column elementor-col-50 elementor-top-column elementor-element elementor-element-26d4244\" data-id=\"26d4244\" data-element_type=\"column\">\n\t\t\t<div class=\"elementor-column-wrap elementor-element-populated\">\n\t\t\t\t\t\t\t<div class=\"elementor-widget-wrap\">\n\t\t\t\t\t\t<div class=\"elementor-element elementor-element-3b9a4d9 elementor-widget elementor-widget-text-editor\" data-id=\"3b9a4d9\" data-element_type=\"widget\" data-widget_type=\"text-editor.default\">\n\t\t\t\t<div class=\"elementor-widget-container\">\n\t\t\t\t\t<div class=\"elementor-text-editor elementor-clearfix\"><ul><li><b>Ubezpieczenie<\/b><\/li><li><b>Podr\u0119czniki<\/b><\/li><li><b>Wycieczki<\/b><\/li><li><strong>Zaj\u0119cia dodatkowe takie jak np. Lego, karate, Sportowiaki, ta\u0144ce, warsztaty tematyczne, teatrzyki<\/strong><\/li><li><b>Indywidualna terapia logopedyczna lub psychologiczne<\/b><\/li><\/ul><\/div>\n\t\t\t\t<\/div>\n\t\t\t\t<\/div>\n\t\t\t\t\t\t<\/div>\n\t\t\t\t\t<\/div>\n\t\t<\/div>\n\t\t\t\t\t\t\t\t<\/div>\n\t\t\t\t\t<\/div>\n\t\t<\/section>\n\t\t\t\t<section class=\"elementor-section elementor-top-section elementor-element elementor-element-562ee2b elementor-section-boxed elementor-section-height-default elementor-section-height-default\" data-id=\"562ee2b\" data-element_type=\"section\">\n\t\t\t\t\t\t<div class=\"elementor-container elementor-column-gap-default\">\n\t\t\t\t\t\t\t<div class=\"elementor-row\">\n\t\t\t\t\t<div class=\"elementor-column elementor-col-100 elementor-top-column elementor-element elementor-element-dedbda2\" data-id=\"dedbda2\" data-element_type=\"column\">\n\t\t\t<div class=\"elementor-column-wrap\">\n\t\t\t\t\t\t\t<div class=\"elementor-widget-wrap\">\n\t\t\t\t\t\t\t\t<\/div>\n\t\t\t\t\t<\/div>\n\t\t<\/div>\n\t\t\t\t\t\t\t\t<\/div>\n\t\t\t\t\t<\/div>\n\t\t<\/section>\n\t\t\t\t<section class=\"elementor-section elementor-top-section elementor-element elementor-element-13554d0 elementor-section-boxed elementor-section-height-default elementor-section-height-default\" data-id=\"13554d0\" data-element_type=\"section\">\n\t\t\t\t\t\t<div class=\"elementor-container elementor-column-gap-default\">\n\t\t\t\t\t\t\t<div class=\"elementor-row\">\n\t\t\t\t\t<div class=\"elementor-column elementor-col-100 elementor-top-column elementor-element elementor-element-6db5e5f\" data-id=\"6db5e5f\" data-element_type=\"column\">\n\t\t\t<div class=\"elementor-column-wrap elementor-element-populated\">\n\t\t\t\t\t\t\t<div class=\"elementor-widget-wrap\">\n\t\t\t\t\t\t<div class=\"elementor-element elementor-element-d21cf75 elementor-widget elementor-widget-image\" data-id=\"d21cf75\" data-element_type=\"widget\" data-widget_type=\"image.default\">\n\t\t\t\t<div class=\"elementor-widget-container\">\n\t\t\t\t\t<div class=\"elementor-image\">\n\t\t\t\t\t\t\t\t\t\t<img width=\"1200\" height=\"800\" src=\"https:\/\/www.maluchuwieliny.pl\/wp-content\/uploads\/2020\/10\/classes-1.jpg\" class=\"attachment-full size-full\" alt=\"\" loading=\"lazy\" srcset=\"https:\/\/www.maluchuwieliny.pl\/wp-content\/uploads\/2020\/10\/classes-1.jpg 1200w, https:\/\/www.maluchuwieliny.pl\/wp-content\/uploads\/2020\/10\/classes-1-300x200.jpg 300w, https:\/\/www.maluchuwieliny.pl\/wp-content\/uploads\/2020\/10\/classes-1-1024x683.jpg 1024w, https:\/\/www.maluchuwieliny.pl\/wp-content\/uploads\/2020\/10\/classes-1-768x512.jpg 768w\" sizes=\"(max-width: 1200px) 100vw, 1200px\" \/>\t\t\t\t\t\t\t\t\t\t\t<\/div>\n\t\t\t\t<\/div>\n\t\t\t\t<\/div>\n\t\t\t\t\t\t<\/div>\n\t\t\t\t\t<\/div>\n\t\t<\/div>\n\t\t\t\t\t\t\t\t<\/div>\n\t\t\t\t\t<\/div>\n\t\t<\/section>\n\t\t\t\t\t\t<\/div>\n\t\t\t\t\t\t<\/div>\n\t\t\t\t\t<\/div>\n\t\t","protected":false},"excerpt":{"rendered":"<p>W MALUCHU mo\u017cna skorzysta\u0107 z : ca\u0142odziennej, regularnej opieki nad dzieckiem wraz z wy\u017cywieniem- PRZEDSZKOLE; opieki godzinowej lub dziennej (powy\u017cej 5 godzin), po ustaleniu z dyrektorem, w miar\u0119 wolnych miejsc).\u00a0 W ramach czesnego : W ci\u0105gu dnia, wszystkie zaj\u0119cia prowadzone s\u0105 tak aby maksymalnie zaanga\u017cowa\u0107 i zaciekawi\u0107 dzieci. Dzieci wchodz\u0105 w interakcje z r\u00f3wie\u015bnikami, doskonal\u0105 [&hellip;]<\/p>\n","protected":false},"author":1,"featured_media":0,"parent":106,"menu_order":0,"comment_status":"closed","ping_status":"closed","template":"","meta":[],"_links":{"self":[{"href":"https:\/\/www.maluchuwieliny.pl\/index.php?rest_route=\/wp\/v2\/pages\/118"}],"collection":[{"href":"https:\/\/www.maluchuwieliny.pl\/index.php?rest_route=\/wp\/v2\/pages"}],"about":[{"href":"https:\/\/www.maluchuwieliny.pl\/index.php?rest_route=\/wp\/v2\/types\/page"}],"author":[{"embeddable":true,"href":"https:\/\/www.maluchuwieliny.pl\/index.php?rest_route=\/wp\/v2\/users\/1"}],"replies":[{"embeddable":true,"href":"https:\/\/www.maluchuwieliny.pl\/index.php?rest_route=%2Fwp%2Fv2%2Fcomments&post=118"}],"version-history":[{"count":19,"href":"https:\/\/www.maluchuwieliny.pl\/index.php?rest_route=\/wp\/v2\/pages\/118\/revisions"}],"predecessor-version":[{"id":595,"href":"https:\/\/www.maluchuwieliny.pl\/index.php?rest_route=\/wp\/v2\/pages\/118\/revisions\/595"}],"up":[{"embeddable":true,"href":"https:\/\/www.maluchuwieliny.pl\/index.php?rest_route=\/wp\/v2\/pages\/106"}],"wp:attachment":[{"href":"https:\/\/www.maluchuwieliny.pl\/index.php?rest_route=%2Fwp%2Fv2%2Fmedia&parent=118"}],"curies":[{"name":"wp","href":"https:\/\/api.w.org\/{rel}","templated":true}]}}