{"id":40,"date":"2020-09-29T19:56:02","date_gmt":"2020-09-29T19:56:02","guid":{"rendered":"http:\/\/www.maluchuwieliny.pl\/?page_id=40"},"modified":"2024-07-26T12:46:07","modified_gmt":"2024-07-26T12:46:07","slug":"oferta","status":"publish","type":"page","link":"https:\/\/www.maluchuwieliny.pl\/?page_id=40","title":{"rendered":"OFERTA"},"content":{"rendered":"\t\t<div data-elementor-type=\"wp-page\" data-elementor-id=\"40\" class=\"elementor elementor-40\" data-elementor-settings=\"[]\">\n\t\t\t\t\t\t<div class=\"elementor-inner\">\n\t\t\t\t\t\t\t<div class=\"elementor-section-wrap\">\n\t\t\t\t\t\t\t<section class=\"elementor-section elementor-top-section elementor-element elementor-element-aa21323 elementor-section-boxed elementor-section-height-default elementor-section-height-default\" data-id=\"aa21323\" data-element_type=\"section\">\n\t\t\t\t\t\t<div class=\"elementor-container elementor-column-gap-default\">\n\t\t\t\t\t\t\t<div class=\"elementor-row\">\n\t\t\t\t\t<div class=\"elementor-column elementor-col-100 elementor-top-column elementor-element elementor-element-573aaeb\" data-id=\"573aaeb\" data-element_type=\"column\">\n\t\t\t<div class=\"elementor-column-wrap\">\n\t\t\t\t\t\t\t<div class=\"elementor-widget-wrap\">\n\t\t\t\t\t\t\t\t<\/div>\n\t\t\t\t\t<\/div>\n\t\t<\/div>\n\t\t\t\t\t\t\t\t<\/div>\n\t\t\t\t\t<\/div>\n\t\t<\/section>\n\t\t\t\t<section class=\"elementor-section elementor-top-section elementor-element elementor-element-6ca4a6d elementor-section-boxed elementor-section-height-default elementor-section-height-default\" data-id=\"6ca4a6d\" data-element_type=\"section\">\n\t\t\t\t\t\t<div class=\"elementor-container elementor-column-gap-default\">\n\t\t\t\t\t\t\t<div class=\"elementor-row\">\n\t\t\t\t\t<div class=\"elementor-column elementor-col-100 elementor-top-column elementor-element elementor-element-9534148\" data-id=\"9534148\" data-element_type=\"column\">\n\t\t\t<div class=\"elementor-column-wrap elementor-element-populated\">\n\t\t\t\t\t\t\t<div class=\"elementor-widget-wrap\">\n\t\t\t\t\t\t<div class=\"elementor-element elementor-element-d3bf725 elementor-widget elementor-widget-text-editor\" data-id=\"d3bf725\" data-element_type=\"widget\" data-widget_type=\"text-editor.default\">\n\t\t\t\t<div class=\"elementor-widget-container\">\n\t\t\t\t\t<div class=\"elementor-text-editor elementor-clearfix\"><\/div>\n\t\t\t\t<\/div>\n\t\t\t\t<\/div>\n\t\t\t\t<section class=\"elementor-section elementor-inner-section elementor-element elementor-element-f631b41 elementor-section-boxed elementor-section-height-default elementor-section-height-default\" data-id=\"f631b41\" data-element_type=\"section\">\n\t\t\t\t\t\t<div class=\"elementor-container elementor-column-gap-default\">\n\t\t\t\t\t\t\t<div class=\"elementor-row\">\n\t\t\t\t\t<div class=\"elementor-column elementor-col-50 elementor-inner-column elementor-element elementor-element-1dc604f\" data-id=\"1dc604f\" data-element_type=\"column\">\n\t\t\t<div class=\"elementor-column-wrap elementor-element-populated\">\n\t\t\t\t\t\t\t<div class=\"elementor-widget-wrap\">\n\t\t\t\t\t\t<div class=\"elementor-element elementor-element-1ce98ab elementor-widget elementor-widget-heading\" data-id=\"1ce98ab\" data-element_type=\"widget\" data-widget_type=\"heading.default\">\n\t\t\t\t<div class=\"elementor-widget-container\">\n\t\t\t<h5 class=\"elementor-heading-title elementor-size-default\">W MALUCHU mo\u017cna skorzysta\u0107 z :<\/h5>\t\t<\/div>\n\t\t\t\t<\/div>\n\t\t\t\t\t\t<\/div>\n\t\t\t\t\t<\/div>\n\t\t<\/div>\n\t\t\t\t<div class=\"elementor-column elementor-col-50 elementor-inner-column elementor-element elementor-element-5a112d6\" data-id=\"5a112d6\" data-element_type=\"column\">\n\t\t\t<div class=\"elementor-column-wrap elementor-element-populated\">\n\t\t\t\t\t\t\t<div class=\"elementor-widget-wrap\">\n\t\t\t\t\t\t<div class=\"elementor-element elementor-element-37b176e elementor-widget elementor-widget-text-editor\" data-id=\"37b176e\" data-element_type=\"widget\" data-widget_type=\"text-editor.default\">\n\t\t\t\t<div class=\"elementor-widget-container\">\n\t\t\t\t\t<div class=\"elementor-text-editor elementor-clearfix\"><ul><li><strong>ca\u0142odziennej, regularnej opieki nad dzieckiem wraz z wy\u017cywieniem- \u017b\u0141OBEK;<\/strong><\/li><li><strong>opieki godzinowej lub dziennej (powy\u017cej 5 godzin, po ustaleniu z dyrektorem, w miar\u0119 wolnych miejsc).<\/strong><\/li><\/ul><\/div>\n\t\t\t\t<\/div>\n\t\t\t\t<\/div>\n\t\t\t\t\t\t<\/div>\n\t\t\t\t\t<\/div>\n\t\t<\/div>\n\t\t\t\t\t\t\t\t<\/div>\n\t\t\t\t\t<\/div>\n\t\t<\/section>\n\t\t\t\t\t\t<\/div>\n\t\t\t\t\t<\/div>\n\t\t<\/div>\n\t\t\t\t\t\t\t\t<\/div>\n\t\t\t\t\t<\/div>\n\t\t<\/section>\n\t\t\t\t<section class=\"elementor-section elementor-top-section elementor-element elementor-element-ad25261 elementor-section-boxed elementor-section-height-default elementor-section-height-default\" data-id=\"ad25261\" data-element_type=\"section\">\n\t\t\t\t\t\t<div class=\"elementor-container elementor-column-gap-default\">\n\t\t\t\t\t\t\t<div class=\"elementor-row\">\n\t\t\t\t\t<div class=\"elementor-column elementor-col-100 elementor-top-column elementor-element elementor-element-8be8222\" data-id=\"8be8222\" data-element_type=\"column\">\n\t\t\t<div class=\"elementor-column-wrap elementor-element-populated\">\n\t\t\t\t\t\t\t<div class=\"elementor-widget-wrap\">\n\t\t\t\t\t\t<section class=\"elementor-section elementor-inner-section elementor-element elementor-element-7e1324b elementor-section-boxed elementor-section-height-default elementor-section-height-default\" data-id=\"7e1324b\" data-element_type=\"section\">\n\t\t\t\t\t\t<div class=\"elementor-container elementor-column-gap-default\">\n\t\t\t\t\t\t\t<div class=\"elementor-row\">\n\t\t\t\t\t<div class=\"elementor-column elementor-col-50 elementor-inner-column elementor-element elementor-element-1e76e7d\" data-id=\"1e76e7d\" data-element_type=\"column\">\n\t\t\t<div class=\"elementor-column-wrap elementor-element-populated\">\n\t\t\t\t\t\t\t<div class=\"elementor-widget-wrap\">\n\t\t\t\t\t\t<div class=\"elementor-element elementor-element-2a89639 elementor-widget elementor-widget-heading\" data-id=\"2a89639\" data-element_type=\"widget\" data-widget_type=\"heading.default\">\n\t\t\t\t<div class=\"elementor-widget-container\">\n\t\t\t<h5 class=\"elementor-heading-title elementor-size-default\">W ramach czesnego :<\/h5>\t\t<\/div>\n\t\t\t\t<\/div>\n\t\t\t\t\t\t<\/div>\n\t\t\t\t\t<\/div>\n\t\t<\/div>\n\t\t\t\t<div class=\"elementor-column elementor-col-50 elementor-inner-column elementor-element elementor-element-ff68533\" data-id=\"ff68533\" data-element_type=\"column\">\n\t\t\t<div class=\"elementor-column-wrap elementor-element-populated\">\n\t\t\t\t\t\t\t<div class=\"elementor-widget-wrap\">\n\t\t\t\t\t\t<div class=\"elementor-element elementor-element-73c6654 elementor-widget elementor-widget-text-editor\" data-id=\"73c6654\" data-element_type=\"widget\" data-widget_type=\"text-editor.default\">\n\t\t\t\t<div class=\"elementor-widget-container\">\n\t\t\t\t\t<div class=\"elementor-text-editor elementor-clearfix\"><p><strong>W ci\u0105gu dnia wszystkie zaj\u0119cia prowadzone s\u0105 tak aby maksymalnie zaanga\u017cowa\u0107 i zaciekawi\u0107 maluszki. Zawsze maj\u0105 one form\u0119 zabawy. Dzieci wchodz\u0105 w interakcje z r\u00f3wie\u015bnikami, doskonal\u0105 swoje umiej\u0119tno\u015bci i odkrywaj\u0105 talenty.<\/strong><\/p><ul><li><strong>Zabawy edukacyjne (<a href=\"http:\/\/www.maluchuwieliny.pl\/?page_id=403\">rozwi\u0144<\/a>)<\/strong><\/li><li><strong>Zabawy rytmiczno- muzyczne (<a href=\"http:\/\/www.maluchuwieliny.pl\/?page_id=413\">rozwi\u0144<\/a>)<\/strong><\/li><li><strong>Zabawy rozwijaj\u0105ce mow\u0119 (<a href=\"http:\/\/www.maluchuwieliny.pl\/?page_id=420\">rozwi\u0144<\/a>)<\/strong><\/li><li><strong>Zabawy tematyczne (<a href=\"http:\/\/www.maluchuwieliny.pl\/?page_id=425\">rozwi\u0144<\/a>)<\/strong><\/li><li><strong>Zabawy wielosensoryczne (<a href=\"http:\/\/www.maluchuwieliny.pl\/?page_id=430\">rozwi\u0144<\/a>)<\/strong><\/li><li><strong>Zabawy z j\u0119zykiem obcym (<a href=\"http:\/\/www.maluchuwieliny.pl\/?page_id=435\">rozwi\u0144<\/a>)<\/strong><\/li><li><strong>Zabawy plastyczne (<a href=\"http:\/\/www.maluchuwieliny.pl\/?page_id=440\">rozwi\u0144<\/a>)<\/strong><\/li><li><strong>Gimnastyka (<a href=\"http:\/\/www.maluchuwieliny.pl\/?page_id=445\">rozwi\u0144<\/a>)<\/strong><\/li><li><strong>Przesiewowe obserwacje logopedyczno- psychologiczne<\/strong><\/li><li><strong>Spacery i zabawy na \u015bwie\u017cym powietrzu<\/strong><\/li><\/ul><p class=\"MsoListParagraphCxSpLast\" style=\"margin-bottom: .0001pt; mso-add-space: auto; text-align: justify; text-indent: -18.0pt; line-height: 18.0pt; mso-list: l0 level1 lfo1;\">\u00a0<\/p><\/div>\n\t\t\t\t<\/div>\n\t\t\t\t<\/div>\n\t\t\t\t\t\t<\/div>\n\t\t\t\t\t<\/div>\n\t\t<\/div>\n\t\t\t\t\t\t\t\t<\/div>\n\t\t\t\t\t<\/div>\n\t\t<\/section>\n\t\t\t\t\t\t<\/div>\n\t\t\t\t\t<\/div>\n\t\t<\/div>\n\t\t\t\t\t\t\t\t<\/div>\n\t\t\t\t\t<\/div>\n\t\t<\/section>\n\t\t\t\t<section class=\"elementor-section elementor-top-section elementor-element elementor-element-55cb261 elementor-section-boxed elementor-section-height-default elementor-section-height-default\" data-id=\"55cb261\" data-element_type=\"section\">\n\t\t\t\t\t\t<div class=\"elementor-container elementor-column-gap-default\">\n\t\t\t\t\t\t\t<div class=\"elementor-row\">\n\t\t\t\t\t<div class=\"elementor-column elementor-col-100 elementor-top-column elementor-element elementor-element-047e564\" data-id=\"047e564\" data-element_type=\"column\">\n\t\t\t<div class=\"elementor-column-wrap elementor-element-populated\">\n\t\t\t\t\t\t\t<div class=\"elementor-widget-wrap\">\n\t\t\t\t\t\t<section class=\"elementor-section elementor-inner-section elementor-element elementor-element-80d639a elementor-section-boxed elementor-section-height-default elementor-section-height-default\" data-id=\"80d639a\" data-element_type=\"section\">\n\t\t\t\t\t\t<div class=\"elementor-container elementor-column-gap-default\">\n\t\t\t\t\t\t\t<div class=\"elementor-row\">\n\t\t\t\t\t<div class=\"elementor-column elementor-col-50 elementor-inner-column elementor-element elementor-element-0484690\" data-id=\"0484690\" data-element_type=\"column\">\n\t\t\t<div class=\"elementor-column-wrap elementor-element-populated\">\n\t\t\t\t\t\t\t<div class=\"elementor-widget-wrap\">\n\t\t\t\t\t\t<div class=\"elementor-element elementor-element-bec7b4c elementor-widget elementor-widget-heading\" data-id=\"bec7b4c\" data-element_type=\"widget\" data-widget_type=\"heading.default\">\n\t\t\t\t<div class=\"elementor-widget-container\">\n\t\t\t<h5 class=\"elementor-heading-title elementor-size-default\">Dodatkowo p\u0142atne:<\/h5>\t\t<\/div>\n\t\t\t\t<\/div>\n\t\t\t\t\t\t<\/div>\n\t\t\t\t\t<\/div>\n\t\t<\/div>\n\t\t\t\t<div class=\"elementor-column elementor-col-50 elementor-inner-column elementor-element elementor-element-dcae18b\" data-id=\"dcae18b\" data-element_type=\"column\">\n\t\t\t<div class=\"elementor-column-wrap elementor-element-populated\">\n\t\t\t\t\t\t\t<div class=\"elementor-widget-wrap\">\n\t\t\t\t\t\t<div class=\"elementor-element elementor-element-c411514 elementor-widget elementor-widget-text-editor\" data-id=\"c411514\" data-element_type=\"widget\" data-widget_type=\"text-editor.default\">\n\t\t\t\t<div class=\"elementor-widget-container\">\n\t\t\t\t\t<div class=\"elementor-text-editor elementor-clearfix\"><ul>\n<li><span style=\"font-weight: bolder;\">Ubezpieczenie<\/span><\/li><li><span style=\"font-weight: bolder;\">Teatrzyki<\/span><\/li><li><span style=\"font-weight: bolder;\">Spotkania i imprezy tematyczne<\/span><\/li>\n<\/ul><\/div>\n\t\t\t\t<\/div>\n\t\t\t\t<\/div>\n\t\t\t\t\t\t<\/div>\n\t\t\t\t\t<\/div>\n\t\t<\/div>\n\t\t\t\t\t\t\t\t<\/div>\n\t\t\t\t\t<\/div>\n\t\t<\/section>\n\t\t\t\t\t\t<\/div>\n\t\t\t\t\t<\/div>\n\t\t<\/div>\n\t\t\t\t\t\t\t\t<\/div>\n\t\t\t\t\t<\/div>\n\t\t<\/section>\n\t\t\t\t\t\t<\/div>\n\t\t\t\t\t\t<\/div>\n\t\t\t\t\t<\/div>\n\t\t","protected":false},"excerpt":{"rendered":"<p>W MALUCHU mo\u017cna skorzysta\u0107 z : ca\u0142odziennej, regularnej opieki nad dzieckiem wraz z wy\u017cywieniem- \u017b\u0141OBEK; opieki godzinowej lub dziennej (powy\u017cej 5 godzin, po ustaleniu z dyrektorem, w miar\u0119 wolnych miejsc). W ramach czesnego : W ci\u0105gu dnia wszystkie zaj\u0119cia prowadzone s\u0105 tak aby maksymalnie zaanga\u017cowa\u0107 i zaciekawi\u0107 maluszki. Zawsze maj\u0105 one form\u0119 zabawy. Dzieci wchodz\u0105 [&hellip;]<\/p>\n","protected":false},"author":1,"featured_media":0,"parent":95,"menu_order":0,"comment_status":"closed","ping_status":"closed","template":"","meta":[],"_links":{"self":[{"href":"https:\/\/www.maluchuwieliny.pl\/index.php?rest_route=\/wp\/v2\/pages\/40"}],"collection":[{"href":"https:\/\/www.maluchuwieliny.pl\/index.php?rest_route=\/wp\/v2\/pages"}],"about":[{"href":"https:\/\/www.maluchuwieliny.pl\/index.php?rest_route=\/wp\/v2\/types\/page"}],"author":[{"embeddable":true,"href":"https:\/\/www.maluchuwieliny.pl\/index.php?rest_route=\/wp\/v2\/users\/1"}],"replies":[{"embeddable":true,"href":"https:\/\/www.maluchuwieliny.pl\/index.php?rest_route=%2Fwp%2Fv2%2Fcomments&post=40"}],"version-history":[{"count":25,"href":"https:\/\/www.maluchuwieliny.pl\/index.php?rest_route=\/wp\/v2\/pages\/40\/revisions"}],"predecessor-version":[{"id":597,"href":"https:\/\/www.maluchuwieliny.pl\/index.php?rest_route=\/wp\/v2\/pages\/40\/revisions\/597"}],"up":[{"embeddable":true,"href":"https:\/\/www.maluchuwieliny.pl\/index.php?rest_route=\/wp\/v2\/pages\/95"}],"wp:attachment":[{"href":"https:\/\/www.maluchuwieliny.pl\/index.php?rest_route=%2Fwp%2Fv2%2Fmedia&parent=40"}],"curies":[{"name":"wp","href":"https:\/\/api.w.org\/{rel}","templated":true}]}}