{"id":581,"date":"2024-07-26T08:03:14","date_gmt":"2024-07-26T08:03:14","guid":{"rendered":"http:\/\/www.maluchuwieliny.pl\/?page_id=581"},"modified":"2024-07-26T08:04:43","modified_gmt":"2024-07-26T08:04:43","slug":"zlobek-4","status":"publish","type":"page","link":"https:\/\/www.maluchuwieliny.pl\/?page_id=581","title":{"rendered":"\u017b\u0141OBEK &#8211; ZDJ\u0118CIA"},"content":{"rendered":"","protected":false},"excerpt":{"rendered":"","protected":false},"author":1,"featured_media":0,"parent":0,"menu_order":0,"comment_status":"closed","ping_status":"closed","template":"","meta":[],"_links":{"self":[{"href":"https:\/\/www.maluchuwieliny.pl\/index.php?rest_route=\/wp\/v2\/pages\/581"}],"collection":[{"href":"https:\/\/www.maluchuwieliny.pl\/index.php?rest_route=\/wp\/v2\/pages"}],"about":[{"href":"https:\/\/www.maluchuwieliny.pl\/index.php?rest_route=\/wp\/v2\/types\/page"}],"author":[{"embeddable":true,"href":"https:\/\/www.maluchuwieliny.pl\/index.php?rest_route=\/wp\/v2\/users\/1"}],"replies":[{"embeddable":true,"href":"https:\/\/www.maluchuwieliny.pl\/index.php?rest_route=%2Fwp%2Fv2%2Fcomments&post=581"}],"version-history":[{"count":2,"href":"https:\/\/www.maluchuwieliny.pl\/index.php?rest_route=\/wp\/v2\/pages\/581\/revisions"}],"predecessor-version":[{"id":584,"href":"https:\/\/www.maluchuwieliny.pl\/index.php?rest_route=\/wp\/v2\/pages\/581\/revisions\/584"}],"wp:attachment":[{"href":"https:\/\/www.maluchuwieliny.pl\/index.php?rest_route=%2Fwp%2Fv2%2Fmedia&parent=581"}],"curies":[{"name":"wp","href":"https:\/\/api.w.org\/{rel}","templated":true}]}}