{"id":86,"date":"2020-10-01T18:05:59","date_gmt":"2020-10-01T18:05:59","guid":{"rendered":"http:\/\/www.maluchuwieliny.pl\/?page_id=86"},"modified":"2020-10-04T11:31:47","modified_gmt":"2020-10-04T11:31:47","slug":"kadra","status":"publish","type":"page","link":"https:\/\/www.maluchuwieliny.pl\/?page_id=86","title":{"rendered":"KADRA"},"content":{"rendered":"\t\t<div data-elementor-type=\"wp-page\" data-elementor-id=\"86\" class=\"elementor elementor-86\" data-elementor-settings=\"[]\">\n\t\t\t\t\t\t<div class=\"elementor-inner\">\n\t\t\t\t\t\t\t<div class=\"elementor-section-wrap\">\n\t\t\t\t\t\t\t<section class=\"elementor-section elementor-top-section elementor-element elementor-element-ad3908b elementor-section-boxed elementor-section-height-default elementor-section-height-default\" data-id=\"ad3908b\" data-element_type=\"section\">\n\t\t\t\t\t\t<div class=\"elementor-container elementor-column-gap-default\">\n\t\t\t\t\t\t\t<div class=\"elementor-row\">\n\t\t\t\t\t<div class=\"elementor-column elementor-col-33 elementor-top-column elementor-element elementor-element-bb5a2a4\" data-id=\"bb5a2a4\" data-element_type=\"column\">\n\t\t\t<div class=\"elementor-column-wrap elementor-element-populated\">\n\t\t\t\t\t\t\t<div class=\"elementor-widget-wrap\">\n\t\t\t\t\t\t<div class=\"elementor-element elementor-element-d64f0d5 elementor-widget elementor-widget-image\" data-id=\"d64f0d5\" data-element_type=\"widget\" data-widget_type=\"image.default\">\n\t\t\t\t<div class=\"elementor-widget-container\">\n\t\t\t\t\t<div class=\"elementor-image\">\n\t\t\t\t\t\t\t\t\t\t<img width=\"640\" height=\"227\" src=\"https:\/\/www.maluchuwieliny.pl\/wp-content\/uploads\/2020\/10\/bt-team-title-1024x363.jpg\" class=\"attachment-large size-large\" alt=\"\" loading=\"lazy\" srcset=\"https:\/\/www.maluchuwieliny.pl\/wp-content\/uploads\/2020\/10\/bt-team-title-1024x363.jpg 1024w, https:\/\/www.maluchuwieliny.pl\/wp-content\/uploads\/2020\/10\/bt-team-title-300x106.jpg 300w, https:\/\/www.maluchuwieliny.pl\/wp-content\/uploads\/2020\/10\/bt-team-title-768x272.jpg 768w, https:\/\/www.maluchuwieliny.pl\/wp-content\/uploads\/2020\/10\/bt-team-title-1536x544.jpg 1536w, https:\/\/www.maluchuwieliny.pl\/wp-content\/uploads\/2020\/10\/bt-team-title.jpg 1920w\" sizes=\"(max-width: 640px) 100vw, 640px\" \/>\t\t\t\t\t\t\t\t\t\t\t<\/div>\n\t\t\t\t<\/div>\n\t\t\t\t<\/div>\n\t\t\t\t\t\t<\/div>\n\t\t\t\t\t<\/div>\n\t\t<\/div>\n\t\t\t\t<div class=\"elementor-column elementor-col-66 elementor-top-column elementor-element elementor-element-7fe130d\" data-id=\"7fe130d\" data-element_type=\"column\">\n\t\t\t<div class=\"elementor-column-wrap elementor-element-populated\">\n\t\t\t\t\t\t\t<div class=\"elementor-widget-wrap\">\n\t\t\t\t\t\t<div class=\"elementor-element elementor-element-d2750ab elementor-widget elementor-widget-text-editor\" data-id=\"d2750ab\" data-element_type=\"widget\" data-widget_type=\"text-editor.default\">\n\t\t\t\t<div class=\"elementor-widget-container\">\n\t\t\t\t\t<div class=\"elementor-text-editor elementor-clearfix\"><p><strong>Kadra Malucha, to osoby wykszta\u0142cone i przygotowane do pe\u0142nienia swoich r\u00f3l.<\/strong> <b>Dzieci znajduj\u0105 si\u0119 pod opiek\u0105 wyszkolonych opiekun\u00f3w \u017c\u0142obkowych, kreatywnych instruktor\u00f3w i os\u00f3b z kierunkowym przygotowaniem pedagogicznym. W \u017c\u0142obku zatrudniamy wykwalifikowan\u0105 piel\u0119gniark\u0119.<\/b><\/p><\/div>\n\t\t\t\t<\/div>\n\t\t\t\t<\/div>\n\t\t\t\t\t\t<\/div>\n\t\t\t\t\t<\/div>\n\t\t<\/div>\n\t\t\t\t\t\t\t\t<\/div>\n\t\t\t\t\t<\/div>\n\t\t<\/section>\n\t\t\t\t\t\t<\/div>\n\t\t\t\t\t\t<\/div>\n\t\t\t\t\t<\/div>\n\t\t","protected":false},"excerpt":{"rendered":"<p>Kadra Malucha, to osoby wykszta\u0142cone i przygotowane do pe\u0142nienia swoich r\u00f3l. Dzieci znajduj\u0105 si\u0119 pod opiek\u0105 wyszkolonych opiekun\u00f3w \u017c\u0142obkowych, kreatywnych instruktor\u00f3w i os\u00f3b z kierunkowym przygotowaniem pedagogicznym. W \u017c\u0142obku zatrudniamy wykwalifikowan\u0105 piel\u0119gniark\u0119.<\/p>\n","protected":false},"author":1,"featured_media":0,"parent":78,"menu_order":0,"comment_status":"closed","ping_status":"closed","template":"","meta":[],"_links":{"self":[{"href":"https:\/\/www.maluchuwieliny.pl\/index.php?rest_route=\/wp\/v2\/pages\/86"}],"collection":[{"href":"https:\/\/www.maluchuwieliny.pl\/index.php?rest_route=\/wp\/v2\/pages"}],"about":[{"href":"https:\/\/www.maluchuwieliny.pl\/index.php?rest_route=\/wp\/v2\/types\/page"}],"author":[{"embeddable":true,"href":"https:\/\/www.maluchuwieliny.pl\/index.php?rest_route=\/wp\/v2\/users\/1"}],"replies":[{"embeddable":true,"href":"https:\/\/www.maluchuwieliny.pl\/index.php?rest_route=%2Fwp%2Fv2%2Fcomments&post=86"}],"version-history":[{"count":4,"href":"https:\/\/www.maluchuwieliny.pl\/index.php?rest_route=\/wp\/v2\/pages\/86\/revisions"}],"predecessor-version":[{"id":347,"href":"https:\/\/www.maluchuwieliny.pl\/index.php?rest_route=\/wp\/v2\/pages\/86\/revisions\/347"}],"up":[{"embeddable":true,"href":"https:\/\/www.maluchuwieliny.pl\/index.php?rest_route=\/wp\/v2\/pages\/78"}],"wp:attachment":[{"href":"https:\/\/www.maluchuwieliny.pl\/index.php?rest_route=%2Fwp%2Fv2%2Fmedia&parent=86"}],"curies":[{"name":"wp","href":"https:\/\/api.w.org\/{rel}","templated":true}]}}